{"id":4379,"date":"2024-09-01T12:28:29","date_gmt":"2024-09-01T12:28:29","guid":{"rendered":"https:\/\/otomatik-kapi.com.tr\/?post_type=product&#038;p=4379"},"modified":"2026-04-17T05:52:57","modified_gmt":"2026-04-17T05:52:57","slug":"icaro-veloce-smart-ac-a1000-set","status":"publish","type":"product","link":"https:\/\/otomatik-kapi.com.tr\/?product=icaro-veloce-smart-ac-a1000-set","title":{"rendered":"Icaro Veloce Smart AC A1000 set"},"content":{"rendered":"","protected":false},"excerpt":{"rendered":"<p>A\u011f\u0131rl\u0131\u011f\u0131 1000 kg&#8217;a kadar olan yana kayar kap\u0131lar i\u00e7in 230 V operat\u00f6r. 25 m\/min kanat h\u0131z\u0131.<\/p>\n<p>Elektromekanik limit switch. Mekanik emniyet kavramas\u0131 ile donat\u0131lm\u0131\u015ft\u0131r.<\/p>\n<p><strong>Set \u0130\u00e7eri\u011fi : <\/strong><\/p>\n<ul>\n<li><strong>1 ad ICARO Veloce 1000 motor<\/strong><\/li>\n<li><strong>2 ad mitto 2 Kumanda<\/strong><\/li>\n<li><strong>1 ad Emniyet Fotoseli<\/strong><\/li>\n<li><strong>1 ad 230 V Fla\u015f\u00f6r<\/strong><\/li>\n<li><strong>4 mt 22x22x2000 kramayer di\u015fli<\/strong><\/li>\n<li><strong>Montaj aparatlar\u0131 ve Kullan\u0131m K\u0131lavuzlar\u0131<\/strong><\/li>\n<\/ul>\n","protected":false},"featured_media":4380,"template":"","meta":[],"product_brand":[],"product_cat":[114],"product_tag":[144],"class_list":{"0":"post-4379","1":"product","2":"type-product","3":"status-publish","4":"has-post-thumbnail","6":"product_cat-yanakayar-kapi-otomasyonlari","7":"product_tag-icaro-veloce-smart-ac-a1000-set","9":"first","10":"instock","11":"shipping-taxable","12":"purchasable","13":"product-type-simple"},"_links":{"self":[{"href":"https:\/\/otomatik-kapi.com.tr\/index.php?rest_route=\/wp\/v2\/product\/4379","targetHints":{"allow":["GET"]}}],"collection":[{"href":"https:\/\/otomatik-kapi.com.tr\/index.php?rest_route=\/wp\/v2\/product"}],"about":[{"href":"https:\/\/otomatik-kapi.com.tr\/index.php?rest_route=\/wp\/v2\/types\/product"}],"wp:featuredmedia":[{"embeddable":true,"href":"https:\/\/otomatik-kapi.com.tr\/index.php?rest_route=\/wp\/v2\/media\/4380"}],"wp:attachment":[{"href":"https:\/\/otomatik-kapi.com.tr\/index.php?rest_route=%2Fwp%2Fv2%2Fmedia&parent=4379"}],"wp:term":[{"taxonomy":"product_brand","embeddable":true,"href":"https:\/\/otomatik-kapi.com.tr\/index.php?rest_route=%2Fwp%2Fv2%2Fproduct_brand&post=4379"},{"taxonomy":"product_cat","embeddable":true,"href":"https:\/\/otomatik-kapi.com.tr\/index.php?rest_route=%2Fwp%2Fv2%2Fproduct_cat&post=4379"},{"taxonomy":"product_tag","embeddable":true,"href":"https:\/\/otomatik-kapi.com.tr\/index.php?rest_route=%2Fwp%2Fv2%2Fproduct_tag&post=4379"}],"curies":[{"name":"wp","href":"https:\/\/api.w.org\/{rel}","templated":true}]}}