{"id":4358,"date":"2024-09-01T12:18:24","date_gmt":"2024-09-01T12:18:24","guid":{"rendered":"https:\/\/otomatik-kapi.com.tr\/?post_type=product&#038;p=4358"},"modified":"2026-03-27T15:46:00","modified_gmt":"2026-03-27T15:46:00","slug":"deimos-ac-a800-tek-motor","status":"publish","type":"product","link":"https:\/\/otomatik-kapi.com.tr\/?product=deimos-ac-a800-tek-motor","title":{"rendered":"DEIMOS AC A800  tek motor"},"content":{"rendered":"","protected":false},"excerpt":{"rendered":"<p>Ev tipi,(m\u00fcstakil ev-villa) kullan\u0131ml\u0131 a\u011f\u0131rl\u0131\u011f\u0131 800 Kg. a kadar ve kap\u0131 uzunlu\u011fu maksimum 6 m. ye kadar olan yana kayar kap\u0131 mekanizmalar\u0131d\u0131r.<\/p>\n<p><strong>Set \u0130\u00e7eri\u011fi : <\/strong><\/p>\n<ul>\n<li><strong>1 ad Deimos 800 motor<\/strong><\/li>\n<li><strong>Montaj aparatlar\u0131 ve Kullan\u0131m K\u0131lavuzlar\u0131<\/strong><\/li>\n<\/ul>\n","protected":false},"featured_media":4359,"template":"","meta":[],"product_brand":[],"product_cat":[114],"product_tag":[157],"class_list":{"0":"post-4358","1":"product","2":"type-product","3":"status-publish","4":"has-post-thumbnail","6":"product_cat-yanakayar-kapi-otomasyonlari","7":"product_tag-bft-a800-ac","9":"first","10":"instock","11":"shipping-taxable","12":"purchasable","13":"product-type-simple"},"_links":{"self":[{"href":"https:\/\/otomatik-kapi.com.tr\/index.php?rest_route=\/wp\/v2\/product\/4358","targetHints":{"allow":["GET"]}}],"collection":[{"href":"https:\/\/otomatik-kapi.com.tr\/index.php?rest_route=\/wp\/v2\/product"}],"about":[{"href":"https:\/\/otomatik-kapi.com.tr\/index.php?rest_route=\/wp\/v2\/types\/product"}],"wp:featuredmedia":[{"embeddable":true,"href":"https:\/\/otomatik-kapi.com.tr\/index.php?rest_route=\/wp\/v2\/media\/4359"}],"wp:attachment":[{"href":"https:\/\/otomatik-kapi.com.tr\/index.php?rest_route=%2Fwp%2Fv2%2Fmedia&parent=4358"}],"wp:term":[{"taxonomy":"product_brand","embeddable":true,"href":"https:\/\/otomatik-kapi.com.tr\/index.php?rest_route=%2Fwp%2Fv2%2Fproduct_brand&post=4358"},{"taxonomy":"product_cat","embeddable":true,"href":"https:\/\/otomatik-kapi.com.tr\/index.php?rest_route=%2Fwp%2Fv2%2Fproduct_cat&post=4358"},{"taxonomy":"product_tag","embeddable":true,"href":"https:\/\/otomatik-kapi.com.tr\/index.php?rest_route=%2Fwp%2Fv2%2Fproduct_tag&post=4358"}],"curies":[{"name":"wp","href":"https:\/\/api.w.org\/{rel}","templated":true}]}}