{"id":4342,"date":"2024-09-01T12:07:22","date_gmt":"2024-09-01T12:07:22","guid":{"rendered":"https:\/\/otomatik-kapi.com.tr\/?post_type=product&#038;p=4342"},"modified":"2026-01-05T19:21:03","modified_gmt":"2026-01-05T19:21:03","slug":"ares-bt-a1000-v-set","status":"publish","type":"product","link":"https:\/\/otomatik-kapi.com.tr\/?product=ares-bt-a1000-v-set","title":{"rendered":"ARES BT A1000 V SET"},"content":{"rendered":"","protected":false},"excerpt":{"rendered":"<p><strong>Bina tipi,(m\u00fcstakil ev-villa) kullan\u0131ml\u0131 a\u011f\u0131rl\u0131\u011f\u0131 500 Kg. a kadar ve kap\u0131 uzunlu\u011fu maksimum 9 m., ye kadar olan yana kayar kap\u0131 mekanizmalar\u0131d\u0131r.<\/strong><\/p>\n<p><strong>Set \u0130\u00e7eri\u011fi : <\/strong><\/p>\n<ul>\n<li><strong>1 ad Ares 1000 V motor<\/strong><\/li>\n<li><strong>2 ad Mitto 2 kumanda<\/strong><\/li>\n<li><strong>1 ad Emniyet Fotoseli<\/strong><\/li>\n<li><strong>1 ad 24 V Fla\u015f\u00f6r<\/strong><\/li>\n<li><strong>4 mt Vidal\u0131 30&#215;8 Kramayer Di\u015fli<\/strong><\/li>\n<li><strong>Montaj aparatlar\u0131 ve Kullan\u0131m K\u0131lavuzlar\u0131<\/strong><\/li>\n<\/ul>\n","protected":false},"featured_media":4343,"template":"","meta":[],"product_brand":[],"product_cat":[114],"product_tag":[150,199],"class_list":{"0":"post-4342","1":"product","2":"type-product","3":"status-publish","4":"has-post-thumbnail","6":"product_cat-yanakayar-kapi-otomasyonlari","7":"product_tag-bft","8":"product_tag-bft-ares-1000","10":"first","11":"instock","12":"shipping-taxable","13":"purchasable","14":"product-type-simple"},"_links":{"self":[{"href":"https:\/\/otomatik-kapi.com.tr\/index.php?rest_route=\/wp\/v2\/product\/4342","targetHints":{"allow":["GET"]}}],"collection":[{"href":"https:\/\/otomatik-kapi.com.tr\/index.php?rest_route=\/wp\/v2\/product"}],"about":[{"href":"https:\/\/otomatik-kapi.com.tr\/index.php?rest_route=\/wp\/v2\/types\/product"}],"wp:featuredmedia":[{"embeddable":true,"href":"https:\/\/otomatik-kapi.com.tr\/index.php?rest_route=\/wp\/v2\/media\/4343"}],"wp:attachment":[{"href":"https:\/\/otomatik-kapi.com.tr\/index.php?rest_route=%2Fwp%2Fv2%2Fmedia&parent=4342"}],"wp:term":[{"taxonomy":"product_brand","embeddable":true,"href":"https:\/\/otomatik-kapi.com.tr\/index.php?rest_route=%2Fwp%2Fv2%2Fproduct_brand&post=4342"},{"taxonomy":"product_cat","embeddable":true,"href":"https:\/\/otomatik-kapi.com.tr\/index.php?rest_route=%2Fwp%2Fv2%2Fproduct_cat&post=4342"},{"taxonomy":"product_tag","embeddable":true,"href":"https:\/\/otomatik-kapi.com.tr\/index.php?rest_route=%2Fwp%2Fv2%2Fproduct_tag&post=4342"}],"curies":[{"name":"wp","href":"https:\/\/api.w.org\/{rel}","templated":true}]}}