{"id":4332,"date":"2024-09-01T09:03:01","date_gmt":"2024-09-01T09:03:01","guid":{"rendered":"https:\/\/otomatik-kapi.com.tr\/?post_type=product&#038;p=4332"},"modified":"2026-01-05T19:22:38","modified_gmt":"2026-01-05T19:22:38","slug":"boticelli-smart-bt-a850-motor-3500-mm-ray-set","status":"publish","type":"product","link":"https:\/\/otomatik-kapi.com.tr\/?product=boticelli-smart-bt-a850-motor-3500-mm-ray-set","title":{"rendered":"Boticelli Smart BT A850 motor + 3500 mm Ray set"},"content":{"rendered":"","protected":false},"excerpt":{"rendered":"<p>\u00c7eki\u015f kuvveti 85 Kg.&#8217;a kadar maksimum 13 m\u00b2 olan seksiyonel kap\u0131lar\u0131 i\u00e7in mekanizmalar.<br \/>\nSet \u0130\u00e7eri\u011fi :<br \/>\n\u2022\t1 Ad 3500 mm Zincirli Ray<br \/>\n\u2022\t1 Ad Bot\u0131celli 850 motor<br \/>\n\u2022\tKurulum k\u0131lavuzlar\u0131<\/p>\n","protected":false},"featured_media":4333,"template":"","meta":[],"product_brand":[],"product_cat":[118],"product_tag":[209],"class_list":{"0":"post-4332","1":"product","2":"type-product","3":"status-publish","4":"has-post-thumbnail","6":"product_cat-seksiyonel-kapi-otomasyon-sistemleri","7":"product_tag-boticelli-smart-bt-a850-motor","9":"first","10":"instock","11":"shipping-taxable","12":"purchasable","13":"product-type-simple"},"_links":{"self":[{"href":"https:\/\/otomatik-kapi.com.tr\/index.php?rest_route=\/wp\/v2\/product\/4332","targetHints":{"allow":["GET"]}}],"collection":[{"href":"https:\/\/otomatik-kapi.com.tr\/index.php?rest_route=\/wp\/v2\/product"}],"about":[{"href":"https:\/\/otomatik-kapi.com.tr\/index.php?rest_route=\/wp\/v2\/types\/product"}],"wp:featuredmedia":[{"embeddable":true,"href":"https:\/\/otomatik-kapi.com.tr\/index.php?rest_route=\/wp\/v2\/media\/4333"}],"wp:attachment":[{"href":"https:\/\/otomatik-kapi.com.tr\/index.php?rest_route=%2Fwp%2Fv2%2Fmedia&parent=4332"}],"wp:term":[{"taxonomy":"product_brand","embeddable":true,"href":"https:\/\/otomatik-kapi.com.tr\/index.php?rest_route=%2Fwp%2Fv2%2Fproduct_brand&post=4332"},{"taxonomy":"product_cat","embeddable":true,"href":"https:\/\/otomatik-kapi.com.tr\/index.php?rest_route=%2Fwp%2Fv2%2Fproduct_cat&post=4332"},{"taxonomy":"product_tag","embeddable":true,"href":"https:\/\/otomatik-kapi.com.tr\/index.php?rest_route=%2Fwp%2Fv2%2Fproduct_tag&post=4332"}],"curies":[{"name":"wp","href":"https:\/\/api.w.org\/{rel}","templated":true}]}}