{"id":4328,"date":"2024-09-01T08:59:50","date_gmt":"2024-09-01T08:59:50","guid":{"rendered":"https:\/\/otomatik-kapi.com.tr\/?post_type=product&#038;p=4328"},"modified":"2026-01-05T19:25:34","modified_gmt":"2026-01-05T19:25:34","slug":"argo-bt-a35","status":"publish","type":"product","link":"https:\/\/otomatik-kapi.com.tr\/?product=argo-bt-a35","title":{"rendered":"ARGO BT A35"},"content":{"rendered":"","protected":false},"excerpt":{"rendered":"<p>Maksimum 35 m\u00b2&#8217;ye kadar olan ve \u00e7ok yo\u011fun kullan\u0131ml\u0131 \u015fafttan tahrikli elektromekanik tip mekanizmalar.<\/p>\n","protected":false},"featured_media":4329,"template":"","meta":[],"product_brand":[],"product_cat":[118],"product_tag":[211,150,149],"class_list":{"0":"post-4328","1":"product","2":"type-product","3":"status-publish","4":"has-post-thumbnail","6":"product_cat-seksiyonel-kapi-otomasyon-sistemleri","7":"product_tag-argo-bt-a35","8":"product_tag-bft","9":"product_tag-bft-turkiye","11":"first","12":"instock","13":"shipping-taxable","14":"purchasable","15":"product-type-simple"},"_links":{"self":[{"href":"https:\/\/otomatik-kapi.com.tr\/index.php?rest_route=\/wp\/v2\/product\/4328","targetHints":{"allow":["GET"]}}],"collection":[{"href":"https:\/\/otomatik-kapi.com.tr\/index.php?rest_route=\/wp\/v2\/product"}],"about":[{"href":"https:\/\/otomatik-kapi.com.tr\/index.php?rest_route=\/wp\/v2\/types\/product"}],"wp:featuredmedia":[{"embeddable":true,"href":"https:\/\/otomatik-kapi.com.tr\/index.php?rest_route=\/wp\/v2\/media\/4329"}],"wp:attachment":[{"href":"https:\/\/otomatik-kapi.com.tr\/index.php?rest_route=%2Fwp%2Fv2%2Fmedia&parent=4328"}],"wp:term":[{"taxonomy":"product_brand","embeddable":true,"href":"https:\/\/otomatik-kapi.com.tr\/index.php?rest_route=%2Fwp%2Fv2%2Fproduct_brand&post=4328"},{"taxonomy":"product_cat","embeddable":true,"href":"https:\/\/otomatik-kapi.com.tr\/index.php?rest_route=%2Fwp%2Fv2%2Fproduct_cat&post=4328"},{"taxonomy":"product_tag","embeddable":true,"href":"https:\/\/otomatik-kapi.com.tr\/index.php?rest_route=%2Fwp%2Fv2%2Fproduct_tag&post=4328"}],"curies":[{"name":"wp","href":"https:\/\/api.w.org\/{rel}","templated":true}]}}