{"id":4326,"date":"2024-09-01T08:59:31","date_gmt":"2024-09-01T08:59:31","guid":{"rendered":"https:\/\/otomatik-kapi.com.tr\/?post_type=product&#038;p=4326"},"modified":"2026-03-27T15:46:48","modified_gmt":"2026-03-27T15:46:48","slug":"argo-bt-a20","status":"publish","type":"product","link":"https:\/\/otomatik-kapi.com.tr\/?product=argo-bt-a20","title":{"rendered":"ARGO BT A20"},"content":{"rendered":"","protected":false},"excerpt":{"rendered":"<p>Maksimum 20 m\u00b2&#8217;ye kadar olan ve \u00e7ok yo\u011fun kullan\u0131ml\u0131 \u015fafttan tahrikli elektromekanik tip mekanizmalar.<\/p>\n","protected":false},"featured_media":4327,"template":"","meta":[],"product_brand":[],"product_cat":[118],"product_tag":[212,150],"class_list":{"0":"post-4326","1":"product","2":"type-product","3":"status-publish","4":"has-post-thumbnail","6":"product_cat-seksiyonel-kapi-otomasyon-sistemleri","7":"product_tag-argo-bt-a20","8":"product_tag-bft","10":"first","11":"instock","12":"shipping-taxable","13":"purchasable","14":"product-type-simple"},"_links":{"self":[{"href":"https:\/\/otomatik-kapi.com.tr\/index.php?rest_route=\/wp\/v2\/product\/4326","targetHints":{"allow":["GET"]}}],"collection":[{"href":"https:\/\/otomatik-kapi.com.tr\/index.php?rest_route=\/wp\/v2\/product"}],"about":[{"href":"https:\/\/otomatik-kapi.com.tr\/index.php?rest_route=\/wp\/v2\/types\/product"}],"wp:featuredmedia":[{"embeddable":true,"href":"https:\/\/otomatik-kapi.com.tr\/index.php?rest_route=\/wp\/v2\/media\/4327"}],"wp:attachment":[{"href":"https:\/\/otomatik-kapi.com.tr\/index.php?rest_route=%2Fwp%2Fv2%2Fmedia&parent=4326"}],"wp:term":[{"taxonomy":"product_brand","embeddable":true,"href":"https:\/\/otomatik-kapi.com.tr\/index.php?rest_route=%2Fwp%2Fv2%2Fproduct_brand&post=4326"},{"taxonomy":"product_cat","embeddable":true,"href":"https:\/\/otomatik-kapi.com.tr\/index.php?rest_route=%2Fwp%2Fv2%2Fproduct_cat&post=4326"},{"taxonomy":"product_tag","embeddable":true,"href":"https:\/\/otomatik-kapi.com.tr\/index.php?rest_route=%2Fwp%2Fv2%2Fproduct_tag&post=4326"}],"curies":[{"name":"wp","href":"https:\/\/api.w.org\/{rel}","templated":true}]}}