{"id":4324,"date":"2024-09-01T08:54:23","date_gmt":"2024-09-01T08:54:23","guid":{"rendered":"https:\/\/otomatik-kapi.com.tr\/?post_type=product&#038;p=4324"},"modified":"2026-01-05T19:25:51","modified_gmt":"2026-01-05T19:25:51","slug":"vista-kit-otomatik-kapi-mekanizmasi","status":"publish","type":"product","link":"https:\/\/otomatik-kapi.com.tr\/?product=vista-kit-otomatik-kapi-mekanizmasi","title":{"rendered":"Vista Kit Otomatik Kap\u0131 Mekanizmas\u0131"},"content":{"rendered":"","protected":false},"excerpt":{"rendered":"<p>Maksimum 150 Kg.a\u011f\u0131rl\u0131\u011f\u0131ndaki kanatlara uygulanabilen g\u00f6sterge ile<br \/>\nprogramlanabilen t\u00fcm temel fonksiyonlar\u0131 otomatik olarak ayarlanmas\u0131n\u0131 sa\u011flayan,<br \/>\nmikro i\u015flemcili teknoloji amortis\u00f6rl\u00fc ray hatt\u0131 ve bi\u00e7imlendirilmi\u015f tekerler ile sessiz \u00e7al\u0131\u015fmay\u0131<br \/>\ngarantileyen radarl\u0131 kap\u0131 mekanizmalar\u0131d\u0131r.<\/p>\n","protected":false},"featured_media":4325,"template":"","meta":[],"product_brand":[],"product_cat":[117],"product_tag":[],"class_list":{"0":"post-4324","1":"product","2":"type-product","3":"status-publish","4":"has-post-thumbnail","6":"product_cat-radarli-kapi-mekanizmalari","8":"first","9":"outofstock","10":"shipping-taxable","11":"purchasable","12":"product-type-simple"},"_links":{"self":[{"href":"https:\/\/otomatik-kapi.com.tr\/index.php?rest_route=\/wp\/v2\/product\/4324","targetHints":{"allow":["GET"]}}],"collection":[{"href":"https:\/\/otomatik-kapi.com.tr\/index.php?rest_route=\/wp\/v2\/product"}],"about":[{"href":"https:\/\/otomatik-kapi.com.tr\/index.php?rest_route=\/wp\/v2\/types\/product"}],"wp:featuredmedia":[{"embeddable":true,"href":"https:\/\/otomatik-kapi.com.tr\/index.php?rest_route=\/wp\/v2\/media\/4325"}],"wp:attachment":[{"href":"https:\/\/otomatik-kapi.com.tr\/index.php?rest_route=%2Fwp%2Fv2%2Fmedia&parent=4324"}],"wp:term":[{"taxonomy":"product_brand","embeddable":true,"href":"https:\/\/otomatik-kapi.com.tr\/index.php?rest_route=%2Fwp%2Fv2%2Fproduct_brand&post=4324"},{"taxonomy":"product_cat","embeddable":true,"href":"https:\/\/otomatik-kapi.com.tr\/index.php?rest_route=%2Fwp%2Fv2%2Fproduct_cat&post=4324"},{"taxonomy":"product_tag","embeddable":true,"href":"https:\/\/otomatik-kapi.com.tr\/index.php?rest_route=%2Fwp%2Fv2%2Fproduct_tag&post=4324"}],"curies":[{"name":"wp","href":"https:\/\/api.w.org\/{rel}","templated":true}]}}