{"id":4323,"date":"2024-09-01T07:30:34","date_gmt":"2024-09-01T07:30:34","guid":{"rendered":"https:\/\/otomatik-kapi.com.tr\/?post_type=product&#038;p=4323"},"modified":"2026-01-05T19:26:53","modified_gmt":"2026-01-05T19:26:53","slug":"phobos-bt-kit-b240-int","status":"publish","type":"product","link":"https:\/\/otomatik-kapi.com.tr\/?product=phobos-bt-kit-b240-int","title":{"rendered":"PHOBOS BT KIT B 40 INT"},"content":{"rendered":"","protected":false},"excerpt":{"rendered":"<p>A\u011f\u0131rl\u0131\u011f\u0131 700 kg&#8217;a kadar ve kanat uzunlu\u011fu maksimum 4 m.&#8217; ye kadar olan<br \/>\n130\u00b0 a\u00e7\u0131l\u0131r elektromekanik tip kanatl\u0131 kap\u0131 mekanizmalar\u0131d\u0131r<br \/>\nPaket \u0130\u00e7eri\u011fi :<br \/>\n\u2022 2 Ad Phobos motor<br \/>\n\u2022 2 Ad M\u0131tto Cool C4 Kumanda<br \/>\n\u2022 1 Tk.Emniyet Fotoseli<br \/>\n\u2022 1 Ad 24 V Antenli fla\u015f\u00f6r<br \/>\n\u2022 1 Ad Zara BT A80 Kontrol Kart\u0131<br \/>\n\u2022 Montaj aparatlar\u0131 ve kullan\u0131m k\u0131lavuzlar\u0131<\/p>\n","protected":false},"featured_media":4322,"template":"","meta":[],"product_brand":[],"product_cat":[115],"product_tag":[150,213],"class_list":{"0":"post-4323","1":"product","2":"type-product","3":"status-publish","4":"has-post-thumbnail","6":"product_cat-kanatli-kapi-otomasyonlari","7":"product_tag-bft","8":"product_tag-phobos-bt-kit-b240-int","10":"first","11":"instock","12":"shipping-taxable","13":"purchasable","14":"product-type-simple"},"_links":{"self":[{"href":"https:\/\/otomatik-kapi.com.tr\/index.php?rest_route=\/wp\/v2\/product\/4323","targetHints":{"allow":["GET"]}}],"collection":[{"href":"https:\/\/otomatik-kapi.com.tr\/index.php?rest_route=\/wp\/v2\/product"}],"about":[{"href":"https:\/\/otomatik-kapi.com.tr\/index.php?rest_route=\/wp\/v2\/types\/product"}],"wp:featuredmedia":[{"embeddable":true,"href":"https:\/\/otomatik-kapi.com.tr\/index.php?rest_route=\/wp\/v2\/media\/4322"}],"wp:attachment":[{"href":"https:\/\/otomatik-kapi.com.tr\/index.php?rest_route=%2Fwp%2Fv2%2Fmedia&parent=4323"}],"wp:term":[{"taxonomy":"product_brand","embeddable":true,"href":"https:\/\/otomatik-kapi.com.tr\/index.php?rest_route=%2Fwp%2Fv2%2Fproduct_brand&post=4323"},{"taxonomy":"product_cat","embeddable":true,"href":"https:\/\/otomatik-kapi.com.tr\/index.php?rest_route=%2Fwp%2Fv2%2Fproduct_cat&post=4323"},{"taxonomy":"product_tag","embeddable":true,"href":"https:\/\/otomatik-kapi.com.tr\/index.php?rest_route=%2Fwp%2Fv2%2Fproduct_tag&post=4323"}],"curies":[{"name":"wp","href":"https:\/\/api.w.org\/{rel}","templated":true}]}}