{"id":4306,"date":"2024-08-30T08:51:46","date_gmt":"2024-08-30T08:51:46","guid":{"rendered":"https:\/\/otomatik-kapi.com.tr\/?post_type=product&#038;p=4306"},"modified":"2026-04-17T06:14:44","modified_gmt":"2026-04-17T06:14:44","slug":"lux-2b-cift-kanat-set-revize","status":"publish","type":"product","link":"https:\/\/otomatik-kapi.com.tr\/?product=lux-2b-cift-kanat-set-revize","title":{"rendered":"LUX 2B \u00c7ift KANAT SET"},"content":{"rendered":"","protected":false},"excerpt":{"rendered":"<p>A\u011f\u0131rl\u0131\u011f\u0131 300 kg&#8217;a kadar ve kanat uzunlu\u011fu maksimum 2 m.&#8217; ye kadar olan<br \/>\n123\u00b0 a\u00e7\u0131l\u0131r hidrolik tip kanatl\u0131 kap\u0131 mekanizmalar\u0131d\u0131r.<br \/>\nSet \u0130\u00e7eri\u011fi :<br \/>\n\u2022 2 ad Lux 2B motor<br \/>\n\u2022 1 ad Mitto 2 kumanda<br \/>\n\u2022 1 ad Emniyet Fotoseli<br \/>\n\u2022 1 ad 230 V Fla\u015f\u00f6r<br \/>\n\u2022 1 ad Alcor AC A kontrol \u00dcnitesi<br \/>\n\u2022 Montaj aparatlar\u0131 ve Kullan\u0131m K\u0131lavuzlar\u0131<\/p>\n","protected":false},"featured_media":4307,"template":"","meta":[],"product_brand":[],"product_cat":[115],"product_tag":[215],"class_list":{"0":"post-4306","1":"product","2":"type-product","3":"status-publish","4":"has-post-thumbnail","6":"product_cat-kanatli-kapi-otomasyonlari","7":"product_tag-lux-2b","9":"first","10":"instock","11":"shipping-taxable","12":"purchasable","13":"product-type-simple"},"_links":{"self":[{"href":"https:\/\/otomatik-kapi.com.tr\/index.php?rest_route=\/wp\/v2\/product\/4306","targetHints":{"allow":["GET"]}}],"collection":[{"href":"https:\/\/otomatik-kapi.com.tr\/index.php?rest_route=\/wp\/v2\/product"}],"about":[{"href":"https:\/\/otomatik-kapi.com.tr\/index.php?rest_route=\/wp\/v2\/types\/product"}],"wp:featuredmedia":[{"embeddable":true,"href":"https:\/\/otomatik-kapi.com.tr\/index.php?rest_route=\/wp\/v2\/media\/4307"}],"wp:attachment":[{"href":"https:\/\/otomatik-kapi.com.tr\/index.php?rest_route=%2Fwp%2Fv2%2Fmedia&parent=4306"}],"wp:term":[{"taxonomy":"product_brand","embeddable":true,"href":"https:\/\/otomatik-kapi.com.tr\/index.php?rest_route=%2Fwp%2Fv2%2Fproduct_brand&post=4306"},{"taxonomy":"product_cat","embeddable":true,"href":"https:\/\/otomatik-kapi.com.tr\/index.php?rest_route=%2Fwp%2Fv2%2Fproduct_cat&post=4306"},{"taxonomy":"product_tag","embeddable":true,"href":"https:\/\/otomatik-kapi.com.tr\/index.php?rest_route=%2Fwp%2Fv2%2Fproduct_tag&post=4306"}],"curies":[{"name":"wp","href":"https:\/\/api.w.org\/{rel}","templated":true}]}}