{"id":4278,"date":"2024-08-29T14:31:19","date_gmt":"2024-08-29T14:31:19","guid":{"rendered":"https:\/\/otomatik-kapi.com.tr\/?post_type=product&#038;p=4278"},"modified":"2025-01-25T12:43:24","modified_gmt":"2025-01-25T12:43:24","slug":"sb-bariyer-perdesi-3-mt","status":"publish","type":"product","link":"https:\/\/otomatik-kapi.com.tr\/urun\/sb-bariyer-perdesi-3-mt\/","title":{"rendered":"SB BAR\u0130YER PERDES\u0130 3 MT"},"content":{"rendered":"","protected":false},"excerpt":{"rendered":"","protected":false},"featured_media":4279,"template":"","meta":[],"product_brand":[],"product_cat":[119],"product_tag":[],"class_list":{"0":"post-4278","1":"product","2":"type-product","3":"status-publish","4":"has-post-thumbnail","6":"product_cat-aksesuar-ve-yedek-parca-urunler","8":"first","9":"instock","10":"shipping-taxable","11":"purchasable","12":"product-type-simple"},"yoast_head":"<!-- This site is optimized with the Yoast SEO plugin v27.4 - https:\/\/yoast.com\/product\/yoast-seo-wordpress\/ -->\n<title>SB BAR\u0130YER PERDES\u0130 3 MT - Bft yetkili sat\u0131\u015f ve sat\u0131\u015f sonras\u0131 hizmetler<\/title>\n<meta name=\"robots\" content=\"index, follow, max-snippet:-1, max-image-preview:large, max-video-preview:-1\" \/>\n<link rel=\"canonical\" href=\"https:\/\/otomatik-kapi.com.tr\/urun\/sb-bariyer-perdesi-3-mt\/\" \/>\n<meta property=\"og:locale\" content=\"tr_TR\" \/>\n<meta property=\"og:type\" content=\"article\" \/>\n<meta property=\"og:title\" content=\"SB BAR\u0130YER PERDES\u0130 3 MT - Bft yetkili sat\u0131\u015f ve sat\u0131\u015f sonras\u0131 hizmetler\" \/>\n<meta property=\"og:url\" content=\"https:\/\/otomatik-kapi.com.tr\/urun\/sb-bariyer-perdesi-3-mt\/\" \/>\n<meta property=\"og:site_name\" content=\"Bft yetkili sat\u0131\u015f ve sat\u0131\u015f sonras\u0131 hizmetler\" \/>\n<meta property=\"article:modified_time\" content=\"2025-01-25T12:43:24+00:00\" \/>\n<meta property=\"og:image\" content=\"https:\/\/otomatik-kapi.com.tr\/wp-content\/uploads\/2024\/08\/SB-BARIYER-PERDESI-3-MT.jpg\" \/>\n\t<meta property=\"og:image:width\" content=\"1000\" \/>\n\t<meta property=\"og:image:height\" content=\"1000\" \/>\n\t<meta property=\"og:image:type\" content=\"image\/jpeg\" \/>\n<meta name=\"twitter:card\" content=\"summary_large_image\" \/>\n<script type=\"application\/ld+json\" class=\"yoast-schema-graph\">{\"@context\":\"https:\\\/\\\/schema.org\",\"@graph\":[{\"@type\":\"WebPage\",\"@id\":\"https:\\\/\\\/otomatik-kapi.com.tr\\\/urun\\\/sb-bariyer-perdesi-3-mt\\\/\",\"url\":\"https:\\\/\\\/otomatik-kapi.com.tr\\\/urun\\\/sb-bariyer-perdesi-3-mt\\\/\",\"name\":\"SB BAR\u0130YER PERDES\u0130 3 MT - Bft yetkili sat\u0131\u015f ve sat\u0131\u015f sonras\u0131 hizmetler\",\"isPartOf\":{\"@id\":\"https:\\\/\\\/otomatik-kapi.com.tr\\\/#website\"},\"primaryImageOfPage\":{\"@id\":\"https:\\\/\\\/otomatik-kapi.com.tr\\\/urun\\\/sb-bariyer-perdesi-3-mt\\\/#primaryimage\"},\"image\":{\"@id\":\"https:\\\/\\\/otomatik-kapi.com.tr\\\/urun\\\/sb-bariyer-perdesi-3-mt\\\/#primaryimage\"},\"thumbnailUrl\":\"https:\\\/\\\/otomatik-kapi.com.tr\\\/wp-content\\\/uploads\\\/2024\\\/08\\\/SB-BARIYER-PERDESI-3-MT.jpg\",\"datePublished\":\"2024-08-29T14:31:19+00:00\",\"dateModified\":\"2025-01-25T12:43:24+00:00\",\"breadcrumb\":{\"@id\":\"https:\\\/\\\/otomatik-kapi.com.tr\\\/urun\\\/sb-bariyer-perdesi-3-mt\\\/#breadcrumb\"},\"inLanguage\":\"tr\",\"potentialAction\":[{\"@type\":\"ReadAction\",\"target\":[\"https:\\\/\\\/otomatik-kapi.com.tr\\\/urun\\\/sb-bariyer-perdesi-3-mt\\\/\"]}]},{\"@type\":\"ImageObject\",\"inLanguage\":\"tr\",\"@id\":\"https:\\\/\\\/otomatik-kapi.com.tr\\\/urun\\\/sb-bariyer-perdesi-3-mt\\\/#primaryimage\",\"url\":\"https:\\\/\\\/otomatik-kapi.com.tr\\\/wp-content\\\/uploads\\\/2024\\\/08\\\/SB-BARIYER-PERDESI-3-MT.jpg\",\"contentUrl\":\"https:\\\/\\\/otomatik-kapi.com.tr\\\/wp-content\\\/uploads\\\/2024\\\/08\\\/SB-BARIYER-PERDESI-3-MT.jpg\",\"width\":1000,\"height\":1000},{\"@type\":\"BreadcrumbList\",\"@id\":\"https:\\\/\\\/otomatik-kapi.com.tr\\\/urun\\\/sb-bariyer-perdesi-3-mt\\\/#breadcrumb\",\"itemListElement\":[{\"@type\":\"ListItem\",\"position\":1,\"name\":\"Anasayfa\",\"item\":\"https:\\\/\\\/otomatik-kapi.com.tr\\\/\"},{\"@type\":\"ListItem\",\"position\":2,\"name\":\"Ma\u011faza\",\"item\":\"https:\\\/\\\/otomatik-kapi.com.tr\\\/magaza\\\/\"},{\"@type\":\"ListItem\",\"position\":3,\"name\":\"SB BAR\u0130YER PERDES\u0130 3 MT\"}]},{\"@type\":\"WebSite\",\"@id\":\"https:\\\/\\\/otomatik-kapi.com.tr\\\/#website\",\"url\":\"https:\\\/\\\/otomatik-kapi.com.tr\\\/\",\"name\":\"Bft yetkili sat\u0131\u015f ve sat\u0131\u015f sonras\u0131 hizmetler\",\"description\":\"Bft t\u00fcrkiye geneli sat\u0131\u015f\",\"publisher\":{\"@id\":\"https:\\\/\\\/otomatik-kapi.com.tr\\\/#organization\"},\"potentialAction\":[{\"@type\":\"SearchAction\",\"target\":{\"@type\":\"EntryPoint\",\"urlTemplate\":\"https:\\\/\\\/otomatik-kapi.com.tr\\\/?s={search_term_string}\"},\"query-input\":{\"@type\":\"PropertyValueSpecification\",\"valueRequired\":true,\"valueName\":\"search_term_string\"}}],\"inLanguage\":\"tr\"},{\"@type\":\"Organization\",\"@id\":\"https:\\\/\\\/otomatik-kapi.com.tr\\\/#organization\",\"name\":\"Bft yetkili sat\u0131\u015f ve sat\u0131\u015f sonras\u0131 hizmetler\",\"url\":\"https:\\\/\\\/otomatik-kapi.com.tr\\\/\",\"logo\":{\"@type\":\"ImageObject\",\"inLanguage\":\"tr\",\"@id\":\"https:\\\/\\\/otomatik-kapi.com.tr\\\/#\\\/schema\\\/logo\\\/image\\\/\",\"url\":\"https:\\\/\\\/otomatik-kapi.com.tr\\\/wp-content\\\/uploads\\\/2024\\\/07\\\/cropped-bft.png\",\"contentUrl\":\"https:\\\/\\\/otomatik-kapi.com.tr\\\/wp-content\\\/uploads\\\/2024\\\/07\\\/cropped-bft.png\",\"width\":282,\"height\":110,\"caption\":\"Bft yetkili sat\u0131\u015f ve sat\u0131\u015f sonras\u0131 hizmetler\"},\"image\":{\"@id\":\"https:\\\/\\\/otomatik-kapi.com.tr\\\/#\\\/schema\\\/logo\\\/image\\\/\"}}]}<\/script>\n<!-- \/ Yoast SEO plugin. -->","yoast_head_json":{"title":"SB BAR\u0130YER PERDES\u0130 3 MT - Bft yetkili sat\u0131\u015f ve sat\u0131\u015f sonras\u0131 hizmetler","robots":{"index":"index","follow":"follow","max-snippet":"max-snippet:-1","max-image-preview":"max-image-preview:large","max-video-preview":"max-video-preview:-1"},"canonical":"https:\/\/otomatik-kapi.com.tr\/urun\/sb-bariyer-perdesi-3-mt\/","og_locale":"tr_TR","og_type":"article","og_title":"SB BAR\u0130YER PERDES\u0130 3 MT - Bft yetkili sat\u0131\u015f ve sat\u0131\u015f sonras\u0131 hizmetler","og_url":"https:\/\/otomatik-kapi.com.tr\/urun\/sb-bariyer-perdesi-3-mt\/","og_site_name":"Bft yetkili sat\u0131\u015f ve sat\u0131\u015f sonras\u0131 hizmetler","article_modified_time":"2025-01-25T12:43:24+00:00","og_image":[{"width":1000,"height":1000,"url":"https:\/\/otomatik-kapi.com.tr\/wp-content\/uploads\/2024\/08\/SB-BARIYER-PERDESI-3-MT.jpg","type":"image\/jpeg"}],"twitter_card":"summary_large_image","schema":{"@context":"https:\/\/schema.org","@graph":[{"@type":"WebPage","@id":"https:\/\/otomatik-kapi.com.tr\/urun\/sb-bariyer-perdesi-3-mt\/","url":"https:\/\/otomatik-kapi.com.tr\/urun\/sb-bariyer-perdesi-3-mt\/","name":"SB BAR\u0130YER PERDES\u0130 3 MT - Bft yetkili sat\u0131\u015f ve sat\u0131\u015f sonras\u0131 hizmetler","isPartOf":{"@id":"https:\/\/otomatik-kapi.com.tr\/#website"},"primaryImageOfPage":{"@id":"https:\/\/otomatik-kapi.com.tr\/urun\/sb-bariyer-perdesi-3-mt\/#primaryimage"},"image":{"@id":"https:\/\/otomatik-kapi.com.tr\/urun\/sb-bariyer-perdesi-3-mt\/#primaryimage"},"thumbnailUrl":"https:\/\/otomatik-kapi.com.tr\/wp-content\/uploads\/2024\/08\/SB-BARIYER-PERDESI-3-MT.jpg","datePublished":"2024-08-29T14:31:19+00:00","dateModified":"2025-01-25T12:43:24+00:00","breadcrumb":{"@id":"https:\/\/otomatik-kapi.com.tr\/urun\/sb-bariyer-perdesi-3-mt\/#breadcrumb"},"inLanguage":"tr","potentialAction":[{"@type":"ReadAction","target":["https:\/\/otomatik-kapi.com.tr\/urun\/sb-bariyer-perdesi-3-mt\/"]}]},{"@type":"ImageObject","inLanguage":"tr","@id":"https:\/\/otomatik-kapi.com.tr\/urun\/sb-bariyer-perdesi-3-mt\/#primaryimage","url":"https:\/\/otomatik-kapi.com.tr\/wp-content\/uploads\/2024\/08\/SB-BARIYER-PERDESI-3-MT.jpg","contentUrl":"https:\/\/otomatik-kapi.com.tr\/wp-content\/uploads\/2024\/08\/SB-BARIYER-PERDESI-3-MT.jpg","width":1000,"height":1000},{"@type":"BreadcrumbList","@id":"https:\/\/otomatik-kapi.com.tr\/urun\/sb-bariyer-perdesi-3-mt\/#breadcrumb","itemListElement":[{"@type":"ListItem","position":1,"name":"Anasayfa","item":"https:\/\/otomatik-kapi.com.tr\/"},{"@type":"ListItem","position":2,"name":"Ma\u011faza","item":"https:\/\/otomatik-kapi.com.tr\/magaza\/"},{"@type":"ListItem","position":3,"name":"SB BAR\u0130YER PERDES\u0130 3 MT"}]},{"@type":"WebSite","@id":"https:\/\/otomatik-kapi.com.tr\/#website","url":"https:\/\/otomatik-kapi.com.tr\/","name":"Bft yetkili sat\u0131\u015f ve sat\u0131\u015f sonras\u0131 hizmetler","description":"Bft t\u00fcrkiye geneli sat\u0131\u015f","publisher":{"@id":"https:\/\/otomatik-kapi.com.tr\/#organization"},"potentialAction":[{"@type":"SearchAction","target":{"@type":"EntryPoint","urlTemplate":"https:\/\/otomatik-kapi.com.tr\/?s={search_term_string}"},"query-input":{"@type":"PropertyValueSpecification","valueRequired":true,"valueName":"search_term_string"}}],"inLanguage":"tr"},{"@type":"Organization","@id":"https:\/\/otomatik-kapi.com.tr\/#organization","name":"Bft yetkili sat\u0131\u015f ve sat\u0131\u015f sonras\u0131 hizmetler","url":"https:\/\/otomatik-kapi.com.tr\/","logo":{"@type":"ImageObject","inLanguage":"tr","@id":"https:\/\/otomatik-kapi.com.tr\/#\/schema\/logo\/image\/","url":"https:\/\/otomatik-kapi.com.tr\/wp-content\/uploads\/2024\/07\/cropped-bft.png","contentUrl":"https:\/\/otomatik-kapi.com.tr\/wp-content\/uploads\/2024\/07\/cropped-bft.png","width":282,"height":110,"caption":"Bft yetkili sat\u0131\u015f ve sat\u0131\u015f sonras\u0131 hizmetler"},"image":{"@id":"https:\/\/otomatik-kapi.com.tr\/#\/schema\/logo\/image\/"}}]}},"_links":{"self":[{"href":"https:\/\/otomatik-kapi.com.tr\/wp-json\/wp\/v2\/product\/4278","targetHints":{"allow":["GET"]}}],"collection":[{"href":"https:\/\/otomatik-kapi.com.tr\/wp-json\/wp\/v2\/product"}],"about":[{"href":"https:\/\/otomatik-kapi.com.tr\/wp-json\/wp\/v2\/types\/product"}],"wp:featuredmedia":[{"embeddable":true,"href":"https:\/\/otomatik-kapi.com.tr\/wp-json\/wp\/v2\/media\/4279"}],"wp:attachment":[{"href":"https:\/\/otomatik-kapi.com.tr\/wp-json\/wp\/v2\/media?parent=4278"}],"wp:term":[{"taxonomy":"product_brand","embeddable":true,"href":"https:\/\/otomatik-kapi.com.tr\/wp-json\/wp\/v2\/product_brand?post=4278"},{"taxonomy":"product_cat","embeddable":true,"href":"https:\/\/otomatik-kapi.com.tr\/wp-json\/wp\/v2\/product_cat?post=4278"},{"taxonomy":"product_tag","embeddable":true,"href":"https:\/\/otomatik-kapi.com.tr\/wp-json\/wp\/v2\/product_tag?post=4278"}],"curies":[{"name":"wp","href":"https:\/\/api.w.org\/{rel}","templated":true}]}}