{"id":4258,"date":"2024-08-29T14:21:35","date_gmt":"2024-08-29T14:21:35","guid":{"rendered":"https:\/\/otomatik-kapi.com.tr\/?post_type=product&#038;p=4258"},"modified":"2025-09-27T15:09:43","modified_gmt":"2025-09-27T15:09:43","slug":"phobos-24-v-ic-plastik-disli","status":"publish","type":"product","link":"https:\/\/otomatik-kapi.com.tr\/?product=phobos-24-v-ic-plastik-disli","title":{"rendered":"PHOBOS 24 V \u0130\u00c7 PLAST\u0130K D\u0130\u015eL\u0130"},"content":{"rendered":"","protected":false},"excerpt":{"rendered":"","protected":false},"featured_media":4259,"template":"","meta":[],"product_brand":[],"product_cat":[119],"product_tag":[218],"class_list":{"0":"post-4258","1":"product","2":"type-product","3":"status-publish","4":"has-post-thumbnail","6":"product_cat-aksesuar-ve-yedek-parca-urunler","7":"product_tag-bft-phobos-24","9":"first","10":"instock","11":"shipping-taxable","12":"purchasable","13":"product-type-simple"},"_links":{"self":[{"href":"https:\/\/otomatik-kapi.com.tr\/index.php?rest_route=\/wp\/v2\/product\/4258","targetHints":{"allow":["GET"]}}],"collection":[{"href":"https:\/\/otomatik-kapi.com.tr\/index.php?rest_route=\/wp\/v2\/product"}],"about":[{"href":"https:\/\/otomatik-kapi.com.tr\/index.php?rest_route=\/wp\/v2\/types\/product"}],"wp:featuredmedia":[{"embeddable":true,"href":"https:\/\/otomatik-kapi.com.tr\/index.php?rest_route=\/wp\/v2\/media\/4259"}],"wp:attachment":[{"href":"https:\/\/otomatik-kapi.com.tr\/index.php?rest_route=%2Fwp%2Fv2%2Fmedia&parent=4258"}],"wp:term":[{"taxonomy":"product_brand","embeddable":true,"href":"https:\/\/otomatik-kapi.com.tr\/index.php?rest_route=%2Fwp%2Fv2%2Fproduct_brand&post=4258"},{"taxonomy":"product_cat","embeddable":true,"href":"https:\/\/otomatik-kapi.com.tr\/index.php?rest_route=%2Fwp%2Fv2%2Fproduct_cat&post=4258"},{"taxonomy":"product_tag","embeddable":true,"href":"https:\/\/otomatik-kapi.com.tr\/index.php?rest_route=%2Fwp%2Fv2%2Fproduct_tag&post=4258"}],"curies":[{"name":"wp","href":"https:\/\/api.w.org\/{rel}","templated":true}]}}