{"id":4222,"date":"2024-08-29T13:41:25","date_gmt":"2024-08-29T13:41:25","guid":{"rendered":"https:\/\/otomatik-kapi.com.tr\/?post_type=product&#038;p=4222"},"modified":"2025-01-25T12:09:36","modified_gmt":"2025-01-25T12:09:36","slug":"icaro-smart-ac-a-motorlar-icin-ic-plastik-disli","status":"publish","type":"product","link":"https:\/\/otomatik-kapi.com.tr\/?product=icaro-smart-ac-a-motorlar-icin-ic-plastik-disli","title":{"rendered":"ICARO SMART AC A MOTORLAR \u0130\u00c7\u0130N \u0130\u00c7 PLAST\u0130K D\u0130\u015eL\u0130"},"content":{"rendered":"","protected":false},"excerpt":{"rendered":"","protected":false},"featured_media":4223,"template":"","meta":[],"product_brand":[],"product_cat":[119],"product_tag":[],"class_list":{"0":"post-4222","1":"product","2":"type-product","3":"status-publish","4":"has-post-thumbnail","6":"product_cat-aksesuar-ve-yedek-parca-urunler","8":"first","9":"instock","10":"shipping-taxable","11":"purchasable","12":"product-type-simple"},"_links":{"self":[{"href":"https:\/\/otomatik-kapi.com.tr\/index.php?rest_route=\/wp\/v2\/product\/4222","targetHints":{"allow":["GET"]}}],"collection":[{"href":"https:\/\/otomatik-kapi.com.tr\/index.php?rest_route=\/wp\/v2\/product"}],"about":[{"href":"https:\/\/otomatik-kapi.com.tr\/index.php?rest_route=\/wp\/v2\/types\/product"}],"wp:featuredmedia":[{"embeddable":true,"href":"https:\/\/otomatik-kapi.com.tr\/index.php?rest_route=\/wp\/v2\/media\/4223"}],"wp:attachment":[{"href":"https:\/\/otomatik-kapi.com.tr\/index.php?rest_route=%2Fwp%2Fv2%2Fmedia&parent=4222"}],"wp:term":[{"taxonomy":"product_brand","embeddable":true,"href":"https:\/\/otomatik-kapi.com.tr\/index.php?rest_route=%2Fwp%2Fv2%2Fproduct_brand&post=4222"},{"taxonomy":"product_cat","embeddable":true,"href":"https:\/\/otomatik-kapi.com.tr\/index.php?rest_route=%2Fwp%2Fv2%2Fproduct_cat&post=4222"},{"taxonomy":"product_tag","embeddable":true,"href":"https:\/\/otomatik-kapi.com.tr\/index.php?rest_route=%2Fwp%2Fv2%2Fproduct_tag&post=4222"}],"curies":[{"name":"wp","href":"https:\/\/api.w.org\/{rel}","templated":true}]}}