{"id":4431,"date":"2024-10-17T12:56:18","date_gmt":"2024-10-17T12:56:18","guid":{"rendered":"https:\/\/otomatik-kapi.com.tr\/?page_id=4431"},"modified":"2024-10-23T08:43:05","modified_gmt":"2024-10-23T08:43:05","slug":"kullanim-sartlari-sozlesmesi","status":"publish","type":"page","link":"https:\/\/otomatik-kapi.com.tr\/?page_id=4431","title":{"rendered":"Kullan\u0131m \u015eartlar\u0131"},"content":{"rendered":"\n<p>Sitenin genel kullan\u0131m \u015fartlar\u0131, bununla ilgili genel kurallar ve yasal sorumluluklar A\u015fa\u011f\u0131da belirtilen \u015fartlar, kurallar ve yasal sorumluluklar\u0131 i\u00e7eren Kullan\u0131c\u0131 S\u00f6zle\u015fmesi\u2019nin \u201c www.otomatik-kapi.com.tr \u201c \u2019yi (\u201cSite\u201d) kullan\u0131lmadan \u00f6nce okunmas\u0131 tavsiye edilir. \u0130\u015fbu Kullan\u0131c\u0131 Ko\u015fullar\u0131n\u0131n (bundan sonra \u201cS\u00f6zle\u015fme\u201d olarak an\u0131lacakt\u0131r) konusu internet sitesi \u201d www.otomatik-kapi.com.tr \u201cdan ve i\u00e7eri\u011findeki portallar ve t\u00fcm hizmetlerden faydalanmak i\u00e7in yapaca\u011f\u0131n\u0131z \u00fcyelik \u015fartlar\u0131n\u0131n (bundan b\u00f6yle sizler \u201cKullan\u0131c\u0131\u201d veya \u201c\u00dcye\u201d olarak an\u0131lacaks\u0131n\u0131z) belirlenmesidir.<\/p>\n\n\n\n<p>Belirtilen \u015fartlar\u0131n sizin i\u00e7in uygun olmamas\u0131 halinde l\u00fctfen \u201c www.otomatik-kapi.com.tr \u201c sitesini kullanmay\u0131n\u0131z. Siteyi kullanarak ve ki\u015fisel bilgilerinizin yer alaca\u011f\u0131 formu doldurarak bu sayfalarda yaz\u0131l\u0131 \u015fartlar\u0131 kabul etmi\u015f say\u0131lmaktas\u0131n\u0131z.<\/p>\n\n\n\n<p>Sitemizdeki web sayfalar\u0131 ve ona ba\u011fl\u0131 t\u00fcm sayfala \u201d www.otomatik-kapi.com.tr \u201c adresindeki RK Door Otomatik Kap\u0131 Sistemleri &#8211; Recep Karaman (\u201c\u015eirket\u201d)\u2019in mal\u0131d\u0131r ve onun taraf\u0131ndan i\u015fletilir. Kullan\u0131c\u0131lar sitede sunulan t\u00fcm hizmetleri kullan\u0131rken a\u015fa\u011f\u0131daki \u015fartlara tabi oldu\u011funuzu, sitedeki hizmetten yararlanmakla ve kullanmaya devam etmekle; Ba\u011fl\u0131 oldu\u011funuz yasalara g\u00f6re s\u00f6zle\u015fme imzalama hakk\u0131na, yetkisine ve hukuki ehliyetine sahip ve 18 ya\u015f\u0131n \u00fczerinde oldu\u011funuzu, bu s\u00f6zle\u015fmeyi okudu\u011funuzu, anlad\u0131\u011f\u0131n\u0131z\u0131 ve s\u00f6zle\u015fmede yazan \u015fartlarla ba\u011fl\u0131 oldu\u011funuzu kabul etmi\u015f say\u0131l\u0131rs\u0131n\u0131z.<\/p>\n\n\n\n<p>1. Kullan\u0131m ve G\u00fcvenlik Kurallar\u0131<\/p>\n\n\n\n<p>\u201c www.otomatik-kapi.com.tr \u201c t\u00fcm \u00fcyelerine a\u00e7\u0131kt\u0131r. Site \u00fczerinde verilen hizmetler aksi belirtilmedik\u00e7e, \u00fccretsizdir.<\/p>\n\n\n\n<p>A\u015fa\u011f\u0131daki yaz\u0131l\u0131 durumlarda, site y\u00f6netimi \u00fcyenin site kullan\u0131m\u0131n\u0131 engelleyebilir ve a\u015fa\u011f\u0131daki giri\u015fimlere kar\u0131\u015fan ki\u015fi veya ki\u015filer hakk\u0131nda kanuni haklar\u0131n\u0131 sakl\u0131 tutar:<\/p>\n\n\n\n<p>1.a. Yanl\u0131\u015f, d\u00fczensiz, eksik ve yan\u0131lt\u0131c\u0131 bilgiler, genel ahlak kurallar\u0131na uygun olmayan ifadeler i\u00e7eren ve T\u00fcrkiye Cumhuriyeti yasalar\u0131yla ters d\u00fc\u015fen bilgilerin siteye kaydedilmesi<\/p>\n\n\n\n<p>1.b. Site i\u00e7eri\u011finin izinsiz olarak k\u0131smen veya t\u00fcm\u00fcyle kopyalanmas\u0131<\/p>\n\n\n\n<p>1.c. Kullan\u0131c\u0131lara verilen ya da kendi belirledikleri kullan\u0131c\u0131 ad\u0131, \u015fifre gibi bilgilerin, kullan\u0131m haklar\u0131n\u0131n, \u00fc\u00e7\u00fcnc\u00fc ki\u015fi ya da kurulu\u015flarla payla\u015f\u0131lmas\u0131ndan (bu bilgilerin kullan\u0131c\u0131 d\u0131\u015f\u0131ndaki ki\u015filer taraf\u0131ndan kullan\u0131lmas\u0131ndan) kaynaklanacak her t\u00fcrl\u00fc zarardan do\u011frudan Kullan\u0131c\u0131 sorumludur. Ayn\u0131 \u015fekilde Kullan\u0131c\u0131, Internet ortam\u0131nda bir ba\u015fkas\u0131na ait IP adresi, elektronik posta adresi, kullan\u0131c\u0131 ad\u0131 gibi ki\u015fisel bilgileri kullanamayaca\u011f\u0131 gibi di\u011fer kullan\u0131c\u0131lar\u0131n \u00f6zel bilgilerine de izinsiz olarak ula\u015famaz veya bunlar\u0131 kullanamaz. Kullan\u0131c\u0131 bu \u015fekilde bir kullan\u0131mdan dolay\u0131 do\u011fabilecek her t\u00fcrl\u00fc hukuki ve cezai y\u00fck\u00fcml\u00fcl\u00fc\u011f\u00fc kabul etmi\u015f say\u0131lmaktad\u0131r.<\/p>\n\n\n\n<p>1.d. Sitenin g\u00fcvenli\u011fini tehdit edecek, sitenin ve kullan\u0131lan yaz\u0131l\u0131mlar\u0131n \u00e7al\u0131\u015fmas\u0131n\u0131 engelleyecek yaz\u0131l\u0131mlar\u0131n kullan\u0131lmas\u0131, faaliyetlerin yap\u0131lmas\u0131, yap\u0131lmaya \u00e7al\u0131\u015f\u0131lmas\u0131 ve bilgilerin al\u0131nmas\u0131, silinmesi, de\u011fi\u015ftirilmesi<\/p>\n\n\n\n<p>2. Sorumluluklar<\/p>\n\n\n\n<p>2.a. \u201c www.otomatik-kapi.com.tr \u201cyi ziyaret eden kullan\u0131c\u0131lar\u0131n bilgileri (ziyaret s\u00fcresi, zaman\u0131, g\u00f6r\u00fcnt\u00fclenen sayfalar) onlara daha iyi hizmet edebilmek amac\u0131 ile takip edilmektedir.<\/p>\n\n\n\n<p>2.b. \u201c www.otomatik-kapi.com.tr \u201c kullan\u0131c\u0131s\u0131, kay\u0131t i\u00e7in gerekli olan b\u00f6l\u00fcmleri doldurup elektronik posta adresini onaylad\u0131ktan sonra i\u015fbu s\u00f6zle\u015fmede belirtilen \u015fartlara uymak ko\u015fulu ile, elektronik posta adresini ve \u015fifresini girerek \u201c www.otomatik-kapi.com.tr \u201c sitesini kullanmaya ba\u015flayabilir.<\/p>\n\n\n\n<p>2.c. Kullan\u0131c\u0131, \u201c www.otomatik-kapi.com.tr \u201c sitesi ve hizmetlerinden yararlan\u0131rken, T\u00fcrk Ceza Kanunu, T\u00fcrk Ticaret Kanunu, Fikir ve Sanat Eserleri Kanunu, Marka ve Patent Haklar\u0131n\u0131n Korunmas\u0131 ile ilgili Kanun H\u00fckm\u00fcnde Kararnameler ve yasal d\u00fczenlemeler, Bor\u00e7lar Yasas\u0131, di\u011fer ilgili mevzuat h\u00fck\u00fcmleri ile \u201c www.otomatik-kapi.com.tr \u201cnin hizmetlerine ili\u015fkin olarak yay\u0131mlayaca\u011f\u0131 her t\u00fcrl\u00fc duyuru ve bildirimlere uymay\u0131 kabul eder. Bu bildirimlere ve yasalara ayk\u0131r\u0131 kullan\u0131m sebebiyle do\u011fabilecek hukuki, cezai ve mali her t\u00fcrl\u00fc sorumluluk Kullan\u0131c\u0131ya aittir.<\/p>\n\n\n\n<p>2.d. Kullan\u0131c\u0131n\u0131n i\u015fbu s\u00f6zle\u015fmede belirtilen y\u00fck\u00fcml\u00fcl\u00fcklere veya \u201c www.otomatik-kapi.com.tr \u201c sitesinde bildirilen genel kurallara uymamas\u0131n\u0131n tespiti halinde, Kullan\u0131c\u0131n\u0131n \u201c www.otomatik-kapi.com.tr \u201cden yararlanmas\u0131 \u201c www.otomatik-kapi.com.tr \u201c taraf\u0131ndan s\u00fcreli veya s\u00fcresiz olarak engellenebilir ve\/veya hesab\u0131 kapat\u0131labilir.<\/p>\n\n\n\n<p>2.e. Kullan\u0131c\u0131, di\u011fer kullan\u0131c\u0131lar\u0131n ve ziyaret\u00e7ilerin \u201c www.otomatik-kapi.com.tr \u201cyi kullanmas\u0131n\u0131 \u00f6nleyici veya zorla\u015ft\u0131r\u0131c\u0131 hareketlerde bulunamaz, sunucular\u0131 ya da veritabanlar\u0131n\u0131 otomatik programlar y\u00fckleyip zorlayamaz\/kilitleyemez. Hile giri\u015fimlerinde bulunamaz. Bulunmas\u0131 halinde \u00fcyeli\u011finin sonland\u0131r\u0131laca\u011f\u0131n\u0131 ve durumdan do\u011fabilecek her t\u00fcrl\u00fc hukuki, cezai sorumlulu\u011fu kabul eder.<\/p>\n\n\n\n<p>2.g. Kullan\u0131c\u0131 \u201c www.otomatik-kapi.com.tr \u201c kopyalanm\u0131\u015f veya yaz\u0131c\u0131 ile yazd\u0131r\u0131lm\u0131\u015f hi\u00e7bir materyal \u00fczerinden Telif Hakk\u0131, Ticari Marka ve her t\u00fcrl\u00fc Fikir ve Sanat Eserleri Kanunu kapsam\u0131 notlar\u0131n\u0131 silemez veya \u00e7\u0131kartamaz.<\/p>\n\n\n\n<p>2.h. \u00dcyelik iptali ve hesap silme i\u015flemi, kullan\u0131c\u0131 taraf\u0131ndan \u201c www.otomatik-kapi.com.tr \u201c \u00fczerinden yap\u0131labilir. \u00dcyeli\u011fini bitiren kullan\u0131c\u0131n\u0131n siteye giri\u015f yetkisi iptal edilecektir. \u00dcyeli\u011fini iptal eden ki\u015fi bu i\u015flemin geri d\u00f6n\u00fc\u015f\u00fc olmad\u0131\u011f\u0131n\u0131 kabul eder.<\/p>\n\n\n\n<p>2.j. Site kullan\u0131c\u0131lar\u0131n\u0131n birbirleri ya da \u00fc\u00e7\u00fcnc\u00fc \u015fah\u0131slarla olan ili\u015fkileri ki\u015filerin sorumlulu\u011fundad\u0131r.<\/p>\n\n\n\n<p>2.m. Sitenin belirli yerlerinde o b\u00f6l\u00fcme \u00f6zel farkl\u0131 kurallar ve y\u00fck\u00fcml\u00fcl\u00fckler belirtilebilir. Bu b\u00f6l\u00fcmleri kullanan ki\u015fi ve kurulu\u015flar pe\u015finen belirtilen bu kurallar\u0131 kabul etmi\u015f say\u0131l\u0131r.<\/p>\n\n\n\n<p>2.n. Kullan\u0131c\u0131lar\u0131m\u0131z\u0131n ki\u015fisel bilgilerini ve gizliliklerini korumak i\u00e7in ald\u0131\u011f\u0131m\u0131z \u00f6nlemler ve bu konudaki genel politikam\u0131z\u0131 okumak i\u00e7in, l\u00fctfen \u201cGizlilik Politikas\u0131\u201d ve \u201cAyd\u0131nlatma Metni\u201d b\u00f6l\u00fcmlerini okuyunuz.<\/p>\n\n\n\n<p>2.o. Kullan\u0131c\u0131 site \u00fczerinden yapaca\u011f\u0131 al\u0131\u015fveri\u015flerde kullanaca\u011f\u0131 \u00f6deme bilgilerinin (kredi kart\u0131, GSM numaras\u0131 bilgileri v.b.) do\u011fru oldu\u011funu, bunlardan kaynaklanan hukuki ve cezai sorumluluklar\u0131n kendisine ait oldu\u011funu kabul ve taahh\u00fct eder.<\/p>\n\n\n\n<p>3. S\u00f6zle\u015fmenin Feshi<\/p>\n\n\n\n<p>3.a. \u0130\u015fbu s\u00f6zle\u015fme \u00fcyenin \u00fcyeli\u011fini iptal etmesi veya \u015eirket taraf\u0131ndan \u00fcyeli\u011finin iptal edilmesine kadar y\u00fcr\u00fcrl\u00fckte kalacakt\u0131r. \u015eirket \u00fcyenin \u00fcyelik s\u00f6zle\u015fmesinin herhangi bir h\u00fckm\u00fcn\u00fc ihlal etmesi durumunda \u00fcyenin \u00fcyeli\u011fini iptal ederek s\u00f6zle\u015fmeyi tek tarafl\u0131 olarak feshedebilecektir.<\/p>\n\n\n\n<p>3.b. \u015eirket, \u00dcyenin veya herhangi bir kullan\u0131c\u0131n\u0131n \u00fcyelik ko\u015fullar\u0131n\u0131 ihlal etti\u011fini fark ederse, \u00dcyeyi bilgilendirecek ve \u00dcyeden ihlali d\u00fczeltmesini isteyecektir. \u00dcye, \u015eirketin talebini takip eden 24 saat i\u00e7inde ihlali d\u00fczeltemezse, \u015eirket, ihlal d\u00fczeltilene kadar \u00dcyenin verilen hizmetleri kullan\u0131m\u0131n\u0131n tamam\u0131n\u0131 veya bir k\u0131sm\u0131n\u0131 ask\u0131ya alabilir.<\/p>\n\n\n\n<p>3.c. \u015eirket;<\/p>\n\n\n\n<p>a) \u00dcyenin veya herhangi bir kullan\u0131c\u0131n\u0131n Hizmetleri, di\u011fer m\u00fc\u015fterileri veya bunlar\u0131n son kullan\u0131c\u0131lar\u0131n\u0131n Hizmetlerin veya Hizmetleri sa\u011flamak i\u00e7in kullan\u0131lan \u015eirket a\u011f\u0131n\u0131n veya sunucular\u0131n\u0131n kullan\u0131m\u0131n\u0131 olumsuz etkileyebilece\u011fine makul \u00f6l\u00e7\u00fcde inan\u0131rsa, \u00dcyenin Hizmetleri kullan\u0131m\u0131n\u0131n tamam\u0131n\u0131 veya bir k\u0131sm\u0131n\u0131 derhal ask\u0131ya alabilir.<\/p>\n\n\n\n<p>(b) Hizmetlere yetkisiz \u00fc\u00e7\u00fcnc\u00fc \u015fah\u0131s eri\u015fimi oldu\u011fundan \u015f\u00fcpheleniliyorsa,<\/p>\n\n\n\n<p>(c) Ge\u00e7erli herhangi bir yasaya uymak i\u00e7in derhal ask\u0131ya alman\u0131n gerekli oldu\u011funa makul \u00f6l\u00e7\u00fcde inan\u0131yorsa. \u015eirket, hizmetlerin ask\u0131ya al\u0131nmas\u0131na neden olan ko\u015fullar ortadan kald\u0131r\u0131ld\u0131\u011f\u0131nda, bu t\u00fcr ask\u0131ya alma i\u015flemlerini kald\u0131racakt\u0131r. \u00dcyenin talebi \u00fczerine \u015eirket, y\u00fcr\u00fcrl\u00fckteki yasalar taraf\u0131ndan yasaklanmad\u0131\u011f\u0131 s\u00fcrece, ask\u0131ya alma gerek\u00e7esini m\u00fcmk\u00fcn olan en k\u0131sa s\u00fcrede \u00dcyeye bildirecektir.<\/p>\n\n\n\n<p>4. Gizlilik<\/p>\n\n\n\n<p>\u015eirket, ki\u015fisel bilgi ve veri g\u00fcvenli\u011fini \u00f6nemsemekte ve bu hususta gerekli olan t\u00fcm tedbirleri almaya \u00f6zen g\u00f6stermektedir. \u00dcyeler de Siteyi kullanarak i\u015fbu gizlilik h\u00fck\u00fcmlerine uygun davranacaklar\u0131n\u0131 kabul, beyan ve taahh\u00fct ederler. \u0130\u015fbu gizlilik h\u00fck\u00fcmleri, Sitenin t\u00fcm b\u00f6l\u00fcmlerinde ge\u00e7erli olacakt\u0131r.<\/p>\n\n\n\n<p>Kullan\u0131c\u0131lar\u0131n bilgilerinin korunmas\u0131 ve gizlili\u011fin s\u00fcrd\u00fcr\u00fclebilmesi \u015eirket\u2019in birinci \u00f6nceli\u011fidir. Bu nedenle \u00dcyelerin vermi\u015f oldu\u011fu bilgiler s\u00f6zle\u015fmede belirtilen kurallar ve ama\u00e7lar d\u0131\u015f\u0131nda herhangi bir kapsamda kullan\u0131lmayacak, \u00fc\u00e7\u00fcnc\u00fc \u015fah\u0131slarla payla\u015f\u0131lmayacakt\u0131r.<\/p>\n\n\n\n<p>\u015eirket, kendisine iletilen ki\u015fisel verileri ve bilgileri, bilgilerin toplanmas\u0131 ile ilgili a\u00e7\u0131klanan yukar\u0131daki ve Ayd\u0131nlatma Metnindeki ama\u00e7lar d\u0131\u015f\u0131nda \u00fc\u00e7\u00fcnc\u00fc ki\u015filerle kesinlikle payla\u015fmayacak, sat\u0131\u015f\u0131n\u0131 yapmayacak ve hi\u00e7bir \u015fart alt\u0131nda kullan\u0131lmas\u0131na izin vermeyecektir. Sitede sistemle ilgili sorunlar\u0131n tan\u0131mlanabilmesi ve Sitede \u00e7\u0131kabilecek muhtemel sorunlar\u0131n acil olarak giderilmesi i\u00e7in, \u015eirket gerekti\u011finde \u00dcyelerin IP adresini, sosyal a\u011f kullan\u0131c\u0131 hesab\u0131nda kay\u0131tl\u0131 bilgileri kaydedebilir ve bu kay\u0131tlar\u0131 an\u0131lan bu ama\u00e7larla kullanabilir. Bu IP adresleri, \u015eirket taraf\u0131ndan kullan\u0131c\u0131lar\u0131n\u0131 ve ziyaret\u00e7ilerini genel anlamda tan\u0131mlamak ve kapsaml\u0131 \u015fekilde demografik veri toplayabilmek amac\u0131yla kullan\u0131labilir.<\/p>\n\n\n\n<p>Site kapsam\u0131nda elde edilen bilgiler \u015eirket ve i\u015f birli\u011fi i\u00e7inde oldu\u011fu di\u011fer ki\u015fi ve kurumlar taraf\u0131ndan \u00dcyelerin kimli\u011fi hi\u00e7bir \u015fekilde a\u00e7\u0131\u011fa \u00e7\u0131kar\u0131lmaks\u0131z\u0131n sadece \u00e7e\u015fitli istatistiki de\u011ferlendirmeler, izinli pazarlama, veri taban\u0131 olu\u015fturma \u00e7abalar\u0131 ve pazar ara\u015ft\u0131rmalar\u0131 yapma gibi durumlar dahilinde kullan\u0131labilir. \u015eirket, Site i\u00e7erisinde ba\u015fkaca sitelere link (ba\u011flant\u0131) sa\u011flayabilir, anla\u015fmal\u0131 oldu\u011fu 3. Partilerin reklamlar\u0131n\u0131 yay\u0131nlayabilir, \u00dcyeleri reklamlar arac\u0131l\u0131\u011f\u0131yla reklam veren veya anla\u015fmal\u0131 3. partilerin sitesine y\u00f6nlendirebilir. \u015eirket, bu ba\u011flant\u0131 yoluyla eri\u015filen di\u011fer uygulamalar\u0131n gizlilik uygulama ve politikalar\u0131na ya da bar\u0131nd\u0131rd\u0131klar\u0131 i\u00e7eriklere y\u00f6nelik olmak \u00fczere hi\u00e7bir sorumluluk ta\u015f\u0131mamaktad\u0131r.<\/p>\n\n\n\n<p>\u015eirket, a\u015fa\u011f\u0131da say\u0131lan hallerde ise i\u015fbu gizlilik bildirimi h\u00fck\u00fcmleri d\u0131\u015f\u0131na \u00e7\u0131karak kullan\u0131c\u0131lara ait bilgileri \u00fc\u00e7\u00fcnc\u00fc ki\u015filere a\u00e7\u0131klayabilecektir. Bu durumlar;<\/p>\n\n\n\n<p>\u2022 Hukuk kurallar\u0131n\u0131n getirdi\u011fi zorunluluklara uyulmas\u0131n\u0131n gerekti\u011fi haller,<\/p>\n\n\n\n<p>\u2022 \u015eirket\u2019in, \u00dcyeleriyle aras\u0131ndaki s\u00f6zle\u015fmelerin gereklerinin yerine getirilmesi ve bunlar\u0131n uygulamaya konulmalar\u0131yla ilgili hallerde,<\/p>\n\n\n\n<p>\u2022 Yetkili idari ve\/veya adli makamlar taraf\u0131ndan usul\u00fc y\u00f6ntemine uygun olarak y\u00fcr\u00fct\u00fclen bir ara\u015ft\u0131rma veya soru\u015fturma do\u011frultusunda \u00dcyelerle ilgili bilgi talep edilmesi halleri,<\/p>\n\n\n\n<p>\u2022 \u00dcyelerin haklar\u0131n\u0131 veya g\u00fcvenliklerini koruma amac\u0131yla bilgi verilmesinin gerekli oldu\u011fu haller.<\/p>\n\n\n\n<p>\u015eirket, kendisine verilen gizli bilgileri kesinlikle \u00f6zel ve gizli tutmay\u0131, bunu bir s\u0131r olarak saklamay\u0131 y\u00fck\u00fcml\u00fcl\u00fck olarak kabul etti\u011fini ve gizlili\u011fin sa\u011flan\u0131p s\u00fcrd\u00fcr\u00fclmesi, gizli bilginin tamam\u0131n\u0131n veya herhangi bir par\u00e7as\u0131n\u0131n kamu alan\u0131na girmesini veya yetkisiz kullan\u0131m\u0131n\u0131 veya \u00fc\u00e7\u00fcnc\u00fc bir ki\u015fiye a\u00e7\u0131klanmas\u0131n\u0131 \u00f6nleme gere\u011fi olan gerekli t\u00fcm tedbirleri almay\u0131 ve \u00fczerine d\u00fc\u015fen t\u00fcm \u00f6zeni tam olarak g\u00f6stermeyi taahh\u00fct etmektedir. \u015eirket taraf\u0131ndan Site i\u00e7erisinde d\u00fczenlenebilecek periyodik veya periyodik olmayan anketlere cevap veren \u00dcyelerden talep edilebilecek bilgiler de \u015eirket ve i\u015fbirli\u011fi i\u00e7indeki ki\u015fi ya da kurumlar taraf\u0131ndan bu kullan\u0131c\u0131lara do\u011frudan pazarlama yapmak, istatistiki analizler yapmak ve \u00f6zel bir veri taban\u0131 olu\u015fturmak amac\u0131yla da kullan\u0131labilecektir.<\/p>\n\n\n\n<p>\u015eirket i\u015fbu gizlilik bildiriminde ge\u00e7en h\u00fck\u00fcmleri gerekli g\u00f6rd\u00fc\u011f\u00fc zamanda Sitede yay\u0131nlamak \u015fart\u0131yla de\u011fi\u015ftirebilir. \u015eirket\u2019in de\u011fi\u015fiklik yapt\u0131\u011f\u0131 gizlilik bildirimi h\u00fck\u00fcmleri Sitede yay\u0131nland\u0131\u011f\u0131 tarihte y\u00fcr\u00fcrl\u00fc\u011fe girmi\u015f kabul edilir.<\/p>\n\n\n\n<p>5. M\u00fccbir Sebep<\/p>\n\n\n\n<p>Taraflar\u0131n kontrol\u00fcnde olmayan; do\u011fal afetler, yang\u0131n, patlamalar, i\u00e7 sava\u015flar, sava\u015flar, ayaklanmalar, halk hareketleri, seferberlik ilan\u0131, grev, lokavt ve salg\u0131n hastal\u0131klar, altyap\u0131 ve internet ar\u0131zalar\u0131, elektrik kesintisi gibi sebeplerden (a\u015fa\u011f\u0131da birlikte \u201c M\u00fccbir Sebep \u201d olarak an\u0131lacakt\u0131r.) dolay\u0131 s\u00f6zle\u015fmeden do\u011fan y\u00fck\u00fcml\u00fcl\u00fckler taraflarca ifa edilemez hale gelirse, taraflar bundan sorumlu de\u011fildir. Bu s\u00fcrede Taraflar\u0131n i\u015fbu S\u00f6zle\u015fme\u2019 den do\u011fan hak ve y\u00fck\u00fcml\u00fcl\u00fckleri ask\u0131ya al\u0131n\u0131r.<\/p>\n\n\n\n<p>6. S\u00f6zle\u015fmenin B\u00fct\u00fcnl\u00fc\u011f\u00fc ve Uygulanabilirlik<\/p>\n\n\n\n<p>\u0130\u015fbu s\u00f6zle\u015fme \u015fartlar\u0131ndan biri, k\u0131smen veya tamamen ge\u00e7ersiz hale gelirse, s\u00f6zle\u015fmenin geri kalan\u0131 ge\u00e7erlili\u011fini korumaya devam eder.<\/p>\n\n\n\n<p>7. S\u00f6zle\u015fmede Yap\u0131lacak De\u011fi\u015fiklikler<\/p>\n\n\n\n<p>\u015eirket, diledi\u011fi zaman sitede sunulan hizmetleri ve i\u015fbu s\u00f6zle\u015fme \u015fartlar\u0131n\u0131 k\u0131smen veya tamamen de\u011fi\u015ftirebilir. De\u011fi\u015fiklikler sitede yay\u0131nland\u0131\u011f\u0131 tarihten itibaren ge\u00e7erli olacakt\u0131r. De\u011fi\u015fiklikleri takip etmek Kullan\u0131c\u0131n\u0131n sorumlulu\u011fundad\u0131r. Kullan\u0131c\u0131, sunulan hizmetlerden yararlanmaya devam etmekle bu de\u011fi\u015fiklikleri de kabul etmi\u015f say\u0131l\u0131r.<\/p>\n\n\n\n<p>8. Delil S\u00f6zle\u015fmesi<\/p>\n\n\n\n<p>Taraflar aras\u0131nda i\u015fbu s\u00f6zle\u015fme ile ilgili i\u015flemler i\u00e7in \u00e7\u0131kabilecek her t\u00fcrl\u00fc uyu\u015fmazl\u0131klarda \u015eirket\u2019in defter, kay\u0131t ve belgeleri ile ve bilgisayar kay\u0131tlar\u0131 ve faks kay\u0131tlar\u0131 6100 say\u0131l\u0131 Hukuk Muhakemeleri Kanunu uyar\u0131nca delil olarak kabul edilecek olup, Kullan\u0131c\u0131 bu kay\u0131tlara itiraz etmeyece\u011fini kabul eder.<\/p>\n\n\n\n<p>9. Tebligat Adresleri<\/p>\n\n\n\n<p>9.a. \u201c www.otomatik-kapi.com.tr \u201c sitesi kullan\u0131c\u0131lar\u0131ndan pe\u015finen posta adreslerini istememektedir. Ancak kullan\u0131c\u0131n\u0131n \u201c www.otomatik-kapi.com.tr \u201cye bildirdi\u011fi elektronik posta adresi, bu s\u00f6zle\u015fme ile ilgili olarak yap\u0131lacak her t\u00fcrl\u00fc bildirim i\u00e7in yasal adresin istenece\u011fi elektronik posta olarak kabul edilir.<\/p>\n\n\n\n<p>9.b. Taraflar, mevcut elektronik postalar\u0131ndaki de\u011fi\u015fiklikleri yaz\u0131l\u0131 olarak di\u011fer tarafa 3 (\u00fc\u00e7) g\u00fcn i\u00e7inde bildirmedik\u00e7e, eski elektronik postalara yap\u0131lacak isteklerin ge\u00e7erli olaca\u011f\u0131n\u0131 ve kendilerine yap\u0131lm\u0131\u015f say\u0131laca\u011f\u0131n\u0131 kabul ederler.<\/p>\n\n\n\n<p>9.c. Yine \u201c www.otomatik-kapi.com.tr \u201cnin kullan\u0131c\u0131n\u0131n kay\u0131tl\u0131 elektronik posta adresini kullanarak yapaca\u011f\u0131 her t\u00fcrl\u00fc bildirimin elektronik postan\u0131n \u201c www.otomatik-kapi.com.tr \u201c taraf\u0131ndan yollanmas\u0131ndan 1 (bir) g\u00fcn sonra kullan\u0131c\u0131ya ula\u015ft\u0131\u011f\u0131 kabul edilecektir. Kullan\u0131c\u0131, bu kat\u0131l\u0131m s\u00f6zle\u015fmesinde yer alan maddelerin t\u00fcm\u00fcn\u00fc okudu\u011funu, anlad\u0131\u011f\u0131n\u0131, kabul etti\u011fini ve kendisiyle ilgili olarak verdi\u011fi bilgilerin do\u011frulu\u011funu onaylad\u0131\u011f\u0131n\u0131 beyan, kabul ve taahh\u00fct eder.<\/p>\n\n\n\n<p>10. Uyu\u015fmazl\u0131klar\u0131n \u00c7\u00f6z\u00fcm\u00fc ve Y\u00fcr\u00fcrl\u00fck<\/p>\n\n\n\n<p>\u0130\u015fbu S\u00f6zle\u015fme\u2019nin uygulanmas\u0131ndan veya yorumlanmas\u0131ndan do\u011facak her t\u00fcrl\u00fc uyu\u015fmazl\u0131\u011f\u0131n \u00e7\u00f6z\u00fcm\u00fcnde \u0130stanbul B\u00fcy\u00fck\u00e7ekmece Adliyesi Mahkemeleri ve \u0130cra Daireleri yetkilidir.<\/p>\n\n\n\n<p>\u00dcyenin, \u00fcyelik kayd\u0131 yapmas\u0131 \u00fcyenin \u00fcyelik s\u00f6zle\u015fmesinde yer alan t\u00fcm maddeleri okudu\u011fu ve \u00fcyelik s\u00f6zle\u015fmesinde yer alan maddeleri kabul etti\u011fi anlam\u0131na gelir. \u0130\u015fbu S\u00f6zle\u015fme \u00fcyenin \u00fcye olmas\u0131 an\u0131nda akdedilmi\u015f ve kar\u015f\u0131l\u0131kl\u0131 olarak y\u00fcr\u00fcrl\u00fc\u011fe girmi\u015ftir.<\/p>\n","protected":false},"excerpt":{"rendered":"<p>Sitenin genel kullan\u0131m \u015fartlar\u0131, bununla ilgili genel kurallar ve yasal sorumluluklar A\u015fa\u011f\u0131da belirtilen \u015fartlar, kurallar ve yasal sorumluluklar\u0131 i\u00e7eren Kullan\u0131c\u0131 S\u00f6zle\u015fmesi\u2019nin \u201c www.otomatik-kapi.com.tr \u201c \u2019yi (\u201cSite\u201d) kullan\u0131lmadan \u00f6nce okunmas\u0131 tavsiye<\/p>\n","protected":false},"author":1,"featured_media":0,"parent":0,"menu_order":0,"comment_status":"closed","ping_status":"closed","template":"","meta":{"footnotes":""},"class_list":["post-4431","page","type-page","status-publish","hentry"],"_links":{"self":[{"href":"https:\/\/otomatik-kapi.com.tr\/index.php?rest_route=\/wp\/v2\/pages\/4431","targetHints":{"allow":["GET"]}}],"collection":[{"href":"https:\/\/otomatik-kapi.com.tr\/index.php?rest_route=\/wp\/v2\/pages"}],"about":[{"href":"https:\/\/otomatik-kapi.com.tr\/index.php?rest_route=\/wp\/v2\/types\/page"}],"author":[{"embeddable":true,"href":"https:\/\/otomatik-kapi.com.tr\/index.php?rest_route=\/wp\/v2\/users\/1"}],"replies":[{"embeddable":true,"href":"https:\/\/otomatik-kapi.com.tr\/index.php?rest_route=%2Fwp%2Fv2%2Fcomments&post=4431"}],"version-history":[{"count":2,"href":"https:\/\/otomatik-kapi.com.tr\/index.php?rest_route=\/wp\/v2\/pages\/4431\/revisions"}],"predecessor-version":[{"id":4440,"href":"https:\/\/otomatik-kapi.com.tr\/index.php?rest_route=\/wp\/v2\/pages\/4431\/revisions\/4440"}],"wp:attachment":[{"href":"https:\/\/otomatik-kapi.com.tr\/index.php?rest_route=%2Fwp%2Fv2%2Fmedia&parent=4431"}],"curies":[{"name":"wp","href":"https:\/\/api.w.org\/{rel}","templated":true}]}}