{"id":4429,"date":"2024-10-17T12:55:49","date_gmt":"2024-10-17T12:55:49","guid":{"rendered":"https:\/\/otomatik-kapi.com.tr\/?page_id=4429"},"modified":"2024-10-23T08:43:10","modified_gmt":"2024-10-23T08:43:10","slug":"internet-sitesi-aydinlatma-metni","status":"publish","type":"page","link":"https:\/\/otomatik-kapi.com.tr\/?page_id=4429","title":{"rendered":"Ayd\u0131nlatma Metni"},"content":{"rendered":"\n<p>RK Door Otomatik Kap\u0131 Sistemleri &#8211; Recep Karaman<\/p>\n\n\n\n<p>\u0130nternet Sitesi Ayd\u0131nlatma Metni<\/p>\n\n\n\n<p>G\u00fcncelleme Tarihi: [08\/10\/2024]<\/p>\n\n\n\n<p>Bu \u0130nternet Sitesi \u00dcye ve Ziyaret\u00e7i Ayd\u0131nlatma Metni (Metin), Bah\u00e7elievler Mah. Polen Sk. No: 12\/C Pendik \/ \u0130STANBUL \/ T\u00dcRK\u0130YE adresinde faaliyet g\u00f6steren veri sorumlusu RK Door Otomatik Kap\u0131 Sistemleri &#8211; Recep Karaman (\u015eirket) taraf\u0131ndan i\u015fletilen ve y\u00f6netilen \u201c www.otomatik-kapi.com.tr \u201d\u2018a (Site) kay\u0131t olan \u00dcyelere; bunlar d\u0131\u015f\u0131nda Site\u2019 ye giren Ziyaret\u00e7ilere, (ikisi birlikte Kullan\u0131c\u0131lar) Site arac\u0131l\u0131\u011f\u0131yla sunulan hizmetler kapsam\u0131nda herhangi bir \u015fekilde Kullan\u0131c\u0131lardan elde edilen ve\/veya edilecek verilerin kullan\u0131m\u0131na ili\u015fkin h\u00fck\u00fcm ve ko\u015fullar ile verilerin i\u015flenme \u015fekilleri hakk\u0131nda Kullan\u0131c\u0131y\u0131 ayd\u0131nlatmak ve bilgilendirmek amac\u0131yla haz\u0131rlanm\u0131\u015ft\u0131r.<\/p>\n\n\n\n<p>\u015eirket, ki\u015fisel verileri, Site, sosyal medya hesaplar\u0131, e-posta, posta, call center, fax, idari ve adli makamlardan gelen tebligatlar ve sair ileti\u015fim kanallar\u0131 arac\u0131l\u0131\u011f\u0131yla i\u015fitsel, elektronik veya yaz\u0131l\u0131 olarak, Kanun\u2019da belirtilen ki\u015fisel veri i\u015fleme \u015fartlar\u0131na uygun olarak ve bu Metin\u2019de belirtilen hukuki sebepler ve ama\u00e7lar do\u011frultusunda toplamaktad\u0131r.<\/p>\n\n\n\n<p>Kullan\u0131c\u0131lara Site arac\u0131l\u0131\u011f\u0131yla sunulan hizmetler kapsam\u0131nda ve herhangi bir \u015fekilde Kullan\u0131c\u0131lar\u0131n Siteyi ziyaretleri s\u0131ras\u0131nda \u015eirket taraf\u0131ndan \u00e7erezler kullan\u0131lmaktad\u0131r. \u00c7erez kullan\u0131m\u0131na ili\u015fkin daha ayr\u0131nt\u0131l\u0131 bilgi almak i\u00e7in l\u00fctfen \u00c7erez Politikam\u0131z\u0131 inceleyiniz.<\/p>\n\n\n\n<p>1 \u2013 \u0130lgili Ki\u015fi, Veri Kategorileri ve Veri T\u00fcrleri<\/p>\n\n\n\n<p>\u00dcye<\/p>\n\n\n\n<p>Kimlik Bilgisi<\/p>\n\n\n\n<p>Ad, Soyad, T.C.K Numaras\u0131, do\u011fum tarihi.<\/p>\n\n\n\n<p>M\u00fc\u015fteri \u0130\u015flem<\/p>\n\n\n\n<p>Sipari\u015f bilgileri<\/p>\n\n\n\n<p>\u0130leti\u015fim Bilgisi<\/p>\n\n\n\n<p>Kullan\u0131c\u0131 ad\u0131, e-posta adresi, telefon numaras\u0131, ikamet adresi, ikamet edilen \u00fclke ve \u015fehir.<\/p>\n\n\n\n<p>\u0130\u015flem G\u00fcvenli\u011fi<\/p>\n\n\n\n<p>IP adresi, ID bilgisi, log i\u015flemi, internet sitesi giri\u015f \u00e7\u0131k\u0131\u015f bilgileri, \u015fifre ve parola bilgileri, i\u015flem tarihi ve saati.<\/p>\n\n\n\n<p>Pazarlama<\/p>\n\n\n\n<p>Site gezinme bilgileri, ge\u00e7mi\u015f kullan\u0131m bilgileri, al\u0131\u015fveri\u015f\/kampanyaya verilen tepki bilgileri, hobiler, al\u0131\u015fveri\u015f tercihleri, \u00e7erez sahibi \u00fc\u00e7\u00fcnc\u00fc partinin \u015firket \u00fczerinden toplad\u0131\u011f\u0131 di\u011fer \u00e7erez kay\u0131tlar\u0131.<\/p>\n\n\n\n<p>Lokasyon Bilgisi<\/p>\n\n\n\n<p>Platformlara eri\u015filen lokasyonun bilgisi<\/p>\n\n\n\n<p>Ziyaret\u00e7i<\/p>\n\n\n\n<p>Kimlik Bilgisi<\/p>\n\n\n\n<p>Cinsiyet, ya\u015f grubu<\/p>\n\n\n\n<p>\u0130\u015flem G\u00fcvenli\u011fi<\/p>\n\n\n\n<p>IP adresi, ID bilgisi, log i\u015flemi, internet sitesi giri\u015f \u00e7\u0131k\u0131\u015f bilgileri, i\u015flem tarihi ve saati.<\/p>\n\n\n\n<p>Lokasyon Bilgisi<\/p>\n\n\n\n<p>Platformlara eri\u015filen lokasyonun bilgisi<\/p>\n\n\n\n<p>Pazarlama<\/p>\n\n\n\n<p>Site gezinme bilgileri, ge\u00e7mi\u015f kullan\u0131m bilgileri, al\u0131\u015fveri\u015f\/kampanyaya verilen tepki bilgileri, hobiler, al\u0131\u015fveri\u015f tercihleri, \u00e7erez sahibi \u00fc\u00e7\u00fcnc\u00fc partinin \u015firket \u00fczerinden toplad\u0131\u011f\u0131 di\u011fer \u00e7erez kay\u0131tlar\u0131<\/p>\n\n\n\n<p>2 \u2013 Hukuki Sebepler<\/p>\n\n\n\n<p>Yukar\u0131da belirtilen ki\u015fisel veriler, veri sahiplerinin bu verileri \u015firkete a\u00e7\u0131klamas\u0131na konu olan ve a\u015fa\u011f\u0131da s\u0131ralanan ama\u00e7larla; Kanun\u2019un 4. maddesinde yer alan ve bu Metin\u2019de de tekrarlanan \u015fartlara ve ilkelere uygun olarak; Kanun\u2019un 5. ve 6. maddelerinde belirtilen ki\u015fisel veri i\u015fleme \u015fartlar\u0131 dahlinde i\u015flenebilecektir. Her bir veri kategorisi bak\u0131m\u0131ndan s\u00f6z konusu olan hukuki sebeplere, a\u015fa\u011f\u0131da a\u00e7\u0131k\u00e7a yer verilmi\u015ftir:<\/p>\n\n\n\n<p>\u00dcye<\/p>\n\n\n\n<p>Kimlik Bilgisi<\/p>\n\n\n\n<p>\u0130leti\u015fim Bilgisi<\/p>\n\n\n\n<p>Bir s\u00f6zle\u015fmenin kurulmas\u0131 veya ifas\u0131yla do\u011frudan do\u011fruya ilgili olmas\u0131 kayd\u0131yla, s\u00f6zle\u015fmenin taraflar\u0131na ait ki\u015fisel verilerin i\u015flenmesinin gerekli olmas\u0131,<\/p>\n\n\n\n<p>Bir hakk\u0131n tesisi, kullan\u0131lmas\u0131 veya korunmas\u0131 i\u00e7in veri i\u015flemenin zorunlu olmas\u0131<\/p>\n\n\n\n<p>M\u00fc\u015fteri \u0130\u015flem<\/p>\n\n\n\n<p>\u0130\u015flem G\u00fcvenli\u011fi<\/p>\n\n\n\n<p>Lokasyon<\/p>\n\n\n\n<p>Kanunlarda a\u00e7\u0131k\u00e7a \u00f6ng\u00f6r\u00fclmesi,<\/p>\n\n\n\n<p>Bir s\u00f6zle\u015fmenin kurulmas\u0131 veya ifas\u0131yla do\u011frudan do\u011fruya ilgili olmas\u0131 kayd\u0131yla, s\u00f6zle\u015fmenin taraflar\u0131na ait ki\u015fisel verilerin i\u015flenmesinin gerekli olmas\u0131,<\/p>\n\n\n\n<p>\u015eirketin hukuki y\u00fck\u00fcml\u00fcl\u00fc\u011f\u00fcn\u00fc yerine getirebilmesi i\u00e7in zorunlu olmas\u0131,<\/p>\n\n\n\n<p>Bir hakk\u0131n tesisi, kullan\u0131lmas\u0131 veya korunmas\u0131 i\u00e7in veri i\u015flemenin zorunlu olmas\u0131.<\/p>\n\n\n\n<p>Pazarlama<\/p>\n\n\n\n<p>Veri sahibinin temel hak ve \u00f6zg\u00fcrl\u00fcklerine zarar vermemek kayd\u0131yla, \u015eirketin me\u015fru menfaatleri i\u00e7in veri i\u015flenmesinin zorunlu olmas\u0131,<\/p>\n\n\n\n<p>Veri sahibinin kendisi taraf\u0131ndan alenile\u015ftirilmesi.<\/p>\n\n\n\n<p>Ziyaret\u00e7i<\/p>\n\n\n\n<p>Kimlik Bilgisi<\/p>\n\n\n\n<p>\u0130\u015flem G\u00fcvenli\u011fi<\/p>\n\n\n\n<p>Lokasyon Bilgisi<\/p>\n\n\n\n<p>Pazarlama<\/p>\n\n\n\n<p>\u015eirketin hukuki y\u00fck\u00fcml\u00fcl\u00fc\u011f\u00fcn\u00fc yerine getirebilmesi i\u00e7in zorunlu olmas\u0131,<\/p>\n\n\n\n<p>Veri sahibinin temel hak ve \u00f6zg\u00fcrl\u00fcklerine zarar vermemek kayd\u0131yla, \u015eirketin me\u015fru menfaatleri i\u00e7in veri i\u015flenmesinin zorunlu olmas\u0131,<\/p>\n\n\n\n<p>Veri sahibinin kendisi taraf\u0131ndan alenile\u015ftirilmesi.<\/p>\n\n\n\n<p>3 \u2013 Ki\u015fisel Verilerin Hangi Ama\u00e7la \u0130\u015flenece\u011fi<\/p>\n\n\n\n<p>Bu Metin kapsam\u0131nda veri sahipleri 2\u2019nci maddede yer alan ki\u015fisel verileri, bu Metin\u2019de belirtilen genel \u015fartlara uygun \u015fekilde a\u015fa\u011f\u0131daki ama\u00e7larla i\u015flenmektedir:<\/p>\n\n\n\n<p>\u00dcye<\/p>\n\n\n\n<p>Kimlik Bilgisi<\/p>\n\n\n\n<p>\u0130leti\u015fim Bilgisi<\/p>\n\n\n\n<p>Bilgi g\u00fcvenli\u011fi s\u00fcre\u00e7lerinin y\u00fcr\u00fct\u00fclmesi<\/p>\n\n\n\n<p>Denetim\/etik faaliyetlerin y\u00fcr\u00fct\u00fclmesi<\/p>\n\n\n\n<p>Eri\u015fim yetkilerinin y\u00fcr\u00fct\u00fclmesi<\/p>\n\n\n\n<p>Hukuk i\u015flerinin takibi ve y\u00fcr\u00fct\u00fclmesi<\/p>\n\n\n\n<p>\u0130leti\u015fim faaliyetlerinin y\u00fcr\u00fct\u00fclmesi<\/p>\n\n\n\n<p>M\u00fc\u015fteri memnuniyetine y\u00f6nelik anketlerin olu\u015fturulmas\u0131<\/p>\n\n\n\n<p>S\u00f6zle\u015fme s\u00fcre\u00e7lerinin y\u00fcr\u00fct\u00fclmesi<\/p>\n\n\n\n<p>Talep ve \u015fikayetlerin y\u00fcr\u00fct\u00fclmesi<\/p>\n\n\n\n<p>\u00dcr\u00fcn\/hizmetlerin pazarlama s\u00fcre\u00e7lerinin y\u00fcr\u00fct\u00fclmesi<\/p>\n\n\n\n<p>M\u00fc\u015fteri \u0130\u015flem<\/p>\n\n\n\n<p>\u0130\u015flem G\u00fcvenli\u011fi<\/p>\n\n\n\n<p>Lokasyon<\/p>\n\n\n\n<p>Bilgi g\u00fcvenli\u011fi s\u00fcre\u00e7lerinin y\u00fcr\u00fct\u00fclmesi<\/p>\n\n\n\n<p>Denetim\/etik faaliyetlerin y\u00fcr\u00fct\u00fclmesi<\/p>\n\n\n\n<p>Eri\u015fim yetkilerinin y\u00fcr\u00fct\u00fclmesi<\/p>\n\n\n\n<p>Faaliyetlerin mevzuata uygun y\u00fcr\u00fct\u00fclmesi<\/p>\n\n\n\n<p>Hukuk i\u015flerinin takibi ve y\u00fcr\u00fct\u00fclmesi<\/p>\n\n\n\n<p>Lojistik Faaliyetlerinin Y\u00fcr\u00fct\u00fclmesi<\/p>\n\n\n\n<p>Yetkili ki\u015fi, kurum ve kurulu\u015flara bilgi verilmesi<\/p>\n\n\n\n<p>\u0130leti\u015fim faaliyetlerinin y\u00fcr\u00fct\u00fclmesi<\/p>\n\n\n\n<p>S\u00f6zle\u015fme s\u00fcre\u00e7lerinin y\u00fcr\u00fct\u00fclmesi<\/p>\n\n\n\n<p>Pazarlama<\/p>\n\n\n\n<p>Firma \u00fcr\u00fcn\/hizmete ba\u011fl\u0131l\u0131k s\u00fcre\u00e7lerinin y\u00fcr\u00fct\u00fclmesi<\/p>\n\n\n\n<p>\u0130\u015f s\u00fcreklili\u011finin sa\u011flanmas\u0131 faaliyetlerinin y\u00fcr\u00fct\u00fclmesi<\/p>\n\n\n\n<p>M\u00fc\u015fteri memnuniyetine y\u00f6nelik aktivitelerin y\u00fcr\u00fct\u00fclmesi<\/p>\n\n\n\n<p>Pazarlama analiz \u00e7al\u0131\u015fmalar\u0131n\u0131n y\u00fcr\u00fct\u00fclmesi<\/p>\n\n\n\n<p>Reklam, kampanya, promosyon s\u00fcre\u00e7lerinin y\u00fcr\u00fct\u00fclmesi<\/p>\n\n\n\n<p>\u00dcr\u00fcn\/hizmetlerin pazarlama s\u00fcre\u00e7lerinin y\u00fcr\u00fct\u00fclmesi<\/p>\n\n\n\n<p>Ziyaret\u00e7i<\/p>\n\n\n\n<p>Kimlik Bilgisi<\/p>\n\n\n\n<p>\u0130\u015flem G\u00fcvenli\u011fi<\/p>\n\n\n\n<p>Lokasyon Bilgisi<\/p>\n\n\n\n<p>Pazarlama<\/p>\n\n\n\n<p>Firma \u00fcr\u00fcn\/hizmete ba\u011fl\u0131l\u0131k s\u00fcre\u00e7lerinin y\u00fcr\u00fct\u00fclmesi<\/p>\n\n\n\n<p>\u0130leti\u015fim faaliyetlerinin y\u00fcr\u00fct\u00fclmesi<\/p>\n\n\n\n<p>\u0130\u015f s\u00fcreklili\u011finin sa\u011flanmas\u0131 faaliyetlerinin y\u00fcr\u00fct\u00fclmesi<\/p>\n\n\n\n<p>M\u00fc\u015fteri memnuniyetine y\u00f6nelik aktivitelerin y\u00fcr\u00fct\u00fclmesi<\/p>\n\n\n\n<p>Pazarlama analiz \u00e7al\u0131\u015fmalar\u0131n\u0131n y\u00fcr\u00fct\u00fclmesi<\/p>\n\n\n\n<p>Reklam, kampanya, promosyon s\u00fcre\u00e7lerinin y\u00fcr\u00fct\u00fclmesi<\/p>\n\n\n\n<p>\u00dcr\u00fcn\/hizmetlerin pazarlama s\u00fcre\u00e7lerinin y\u00fcr\u00fct\u00fclmesi<\/p>\n\n\n\n<p>4 \u2013 Ki\u015fisel Verilerin Aktar\u0131m\u0131<\/p>\n\n\n\n<p>\u015eirket, veri sahiplerine ait elde etti\u011fi ki\u015fisel verileri \u015eirketin Platformlar\u0131 \u00fczerinden sundu\u011fu hizmetleri ifa etmek amac\u0131yla ve Metin\u2019de beyan etti\u011fi y\u00fck\u00fcml\u00fcl\u00fckleri yerine getirmek \u015fart\u0131yla yurti\u00e7indeki sunucular\u0131na ve tedarik\u00e7ilerine aktarabilir. \u015eirket ayr\u0131ca veri sahiplerine ait ki\u015fisel verileri a\u015fa\u011f\u0131daki ama\u00e7larla \u00fc\u00e7\u00fcnc\u00fc ki\u015filere aktarabilir:<\/p>\n\n\n\n<p>\u00dcye<\/p>\n\n\n\n<p>Faaliyetlerin mevzuata uygun y\u00fcr\u00fct\u00fclmesi, hukuk i\u015flerinin takibi ve y\u00fcr\u00fct\u00fclmesi ile yetkili ki\u015fi, kurum ve kurulu\u015flara bilgi verilmesi ama\u00e7lar\u0131yla yetkili kamu kurum ve kurulu\u015flar\u0131yla kimlik, ileti\u015fim ve i\u015flem g\u00fcvenli\u011fi bilgilerinin payla\u015f\u0131lmas\u0131;<\/p>\n\n\n\n<p>\u0130leti\u015fim faaliyetlerinin y\u00fcr\u00fct\u00fclmesi<\/p>\n\n\n\n<p>\u0130\u015f faaliyetlerinin y\u00fcr\u00fct\u00fclmesi ve denetimi amac\u0131yla i\u015f s\u00fcre\u00e7lerinde hizmetlerinden yararlan\u0131lan tedarik\u00e7iler ile payla\u015f\u0131lmas\u0131 Pazarlama analiz \u00e7al\u0131\u015fmalar\u0131n\u0131n y\u00fcr\u00fct\u00fclmesi<\/p>\n\n\n\n<p>Lojistik Faaliyetlerinin Y\u00fcr\u00fct\u00fclmesi<\/p>\n\n\n\n<p>Mal \/ Hizmet Sat\u0131\u015f Sonras\u0131 Destek Hizmetlerinin Y\u00fcr\u00fct\u00fclmesi<\/p>\n\n\n\n<p>Reklam, kampanya, promosyon s\u00fcre\u00e7lerinin y\u00fcr\u00fct\u00fclmesi<\/p>\n\n\n\n<p>Saklama ve ar\u015fiv faaliyetlerinin y\u00fcr\u00fct\u00fclmesi amac\u0131yla depolama hizmeti al\u0131nan tedarik\u00e7iler ile bilgilerin payla\u015f\u0131lmas\u0131;<\/p>\n\n\n\n<p>Tedarik Zinciri Y\u00f6netimi S\u00fcre\u00e7lerinin Y\u00fcr\u00fct\u00fclmesi<\/p>\n\n\n\n<p>Ziyaret\u00e7i<\/p>\n\n\n\n<p>Pazarlama analiz \u00e7al\u0131\u015fmalar\u0131n\u0131n y\u00fcr\u00fct\u00fclmesi<\/p>\n\n\n\n<p>Reklam, kampanya, promosyon s\u00fcre\u00e7lerinin y\u00fcr\u00fct\u00fclmesi<\/p>\n\n\n\n<p>Saklama ve ar\u015fiv faaliyetlerinin y\u00fcr\u00fct\u00fclmesi amac\u0131yla depolama hizmeti al\u0131nan tedarik\u00e7iler ile bilgilerin payla\u015f\u0131lmas\u0131;<\/p>\n\n\n\n<p>Site kullan\u0131m tercihleri ve gezinti ge\u00e7mi\u015fi, segmentasyon yap\u0131lmas\u0131 amac\u0131yla tedarik\u00e7ilerle payla\u015f\u0131lmas\u0131.<\/p>\n\n\n\n<p>5 \u2013 \u0130lgili Ki\u015finin Haklar\u0131<\/p>\n\n\n\n<p>Ki\u015fisel veri sahipleri olarak, haklar\u0131n\u0131za ili\u015fkin taleplerinizi belirtmek ve ki\u015fisel verileriniz \u00fczerindeki haklar\u0131n\u0131z\u0131 kullanmak amac\u0131yla, \u201c\u0130lgili Ki\u015fi Ba\u015fvuru Formu\u201d nu doldurarak, \u015eirket e-posta adresi info@otomatik-kapi.com.tr \u00fczerinden g\u00fcvenli elektronik imza ile veya ki\u015fisel e-posta adresiniz \u00fczerinden veya \u015eirket Bah\u00e7elievler Mah. Polen Sk. No: 12\/C Pendik \/ \u0130STANBUL \/ T\u00dcRK\u0130YE adresine \u015fahsen veya noter vas\u0131tas\u0131yla yaz\u0131l\u0131 ba\u015fvurarak gerekli de\u011fi\u015fiklik, g\u00fcncelleme ve\/veya silme gibi i\u015flemleri ve ilgili talepleri ger\u00e7ekle\u015ftirebilirsiniz. Belirtilen y\u00f6ntemlerle taleplerinizi bize iletmeniz durumunda \u015eirket, talebinizin niteli\u011fine g\u00f6re talebi en k\u0131sa s\u00fcrede ve en ge\u00e7 otuz g\u00fcn i\u00e7inde \u00fccretsiz olarak sonu\u00e7land\u0131racakt\u0131r. Ancak, i\u015flemin ayr\u0131ca bir maliyeti gerektirmesi h\u00e2linde, \u015eirket taraf\u0131ndan Ki\u015fisel Verileri Koruma Kurulu\u2019nca belirlenen tarifedeki \u00fccret al\u0131nacakt\u0131r. Bu kapsamda ki\u015fisel veri sahipleri;<\/p>\n\n\n\n<p>Ki\u015fisel veri i\u015flenip i\u015flenmedi\u011fini \u00f6\u011frenme,<\/p>\n\n\n\n<p>Ki\u015fisel verileri i\u015flenmi\u015fse buna ili\u015fkin bilgi talep etme,<\/p>\n\n\n\n<p>Ki\u015fisel verilerin i\u015flenme amac\u0131n\u0131 ve bunlar\u0131n amac\u0131na uygun kullan\u0131l\u0131p kullan\u0131lmad\u0131\u011f\u0131n\u0131 \u00f6\u011frenme,<\/p>\n\n\n\n<p>Yurt i\u00e7inde veya yurt d\u0131\u015f\u0131nda ki\u015fisel verilerin aktar\u0131ld\u0131\u011f\u0131 \u00fc\u00e7\u00fcnc\u00fc ki\u015fileri bilme,<\/p>\n\n\n\n<p>Ki\u015fisel verilerin eksik veya yanl\u0131\u015f i\u015flenmi\u015f olmas\u0131 h\u00e2linde bunlar\u0131n d\u00fczeltilmesini isteme,<\/p>\n\n\n\n<p>Kanun\u2019un 7. maddesinde \u00f6ng\u00f6r\u00fclen \u015fartlar \u00e7er\u00e7evesinde ki\u015fisel verilerin silinmesini veya yok edilmesini isteme,<\/p>\n\n\n\n<p>(d) ve (e) bentleri uyar\u0131nca yap\u0131lan i\u015flemlerin, ki\u015fisel verilerin aktar\u0131ld\u0131\u011f\u0131 \u00fc\u00e7\u00fcnc\u00fc ki\u015filere bildirilmesini isteme,<\/p>\n\n\n\n<p>\u0130\u015flenen verilerin m\u00fcnhas\u0131ran otomatik sistemler vas\u0131tas\u0131yla analiz edilmesi suretiyle ki\u015finin kendisi aleyhine bir sonucun ortaya \u00e7\u0131kmas\u0131na itiraz etme,<\/p>\n\n\n\n<p>Ki\u015fisel verilerin kanuna ayk\u0131r\u0131 olarak i\u015flenmesi sebebiyle zarara u\u011framas\u0131 h\u00e2linde zarar\u0131n giderilmesini talep etme.<\/p>\n\n\n\n<p>Ki\u015fisel veri sahibi olarak sahip oldu\u011funuz ve yukar\u0131da belirtilen haklar\u0131n\u0131z\u0131 kullanmak i\u00e7in yapaca\u011f\u0131n\u0131z ve kullanmay\u0131 talep etti\u011finiz hakka ili\u015fkin a\u00e7\u0131klamalar\u0131n\u0131z\u0131 i\u00e7eren ba\u015fvuruda; talep etti\u011finiz hususun a\u00e7\u0131k ve anla\u015f\u0131l\u0131r olmas\u0131, talep etti\u011finiz konunun \u015fahs\u0131n\u0131z ile ilgili olmas\u0131 veya ba\u015fkas\u0131 ad\u0131na hareket ediyor iseniz bu konuda \u00f6zel olarak yetkili olman\u0131z ve yetkinizi belgelendirilmesi, ba\u015fvurunun kimlik ve adres bilgilerini i\u00e7ermesi ve ba\u015fvuruya kimli\u011finizi tevsik edici belgelerin eklenmesi gerekmektedir.<\/p>\n\n\n\n<p>6 \u2013 Metin\u2019de Yap\u0131lacak De\u011fi\u015fiklikler<\/p>\n\n\n\n<p>\u015eirket, bu Metin\u2019de her zaman de\u011fi\u015fiklik yapabilir. Bu de\u011fi\u015fiklikler, de\u011fi\u015ftirilmi\u015f yeni metnin yay\u0131nlanmas\u0131yla birlikte derhal ge\u00e7erlilik kazan\u0131r. Bu Metin\u2019deki de\u011fi\u015fikliklerden haberdar olman\u0131z i\u00e7in, sizlere gerekli bilgilendirme yap\u0131lacakt\u0131r.<\/p>\n","protected":false},"excerpt":{"rendered":"<p>RK Door Otomatik Kap\u0131 Sistemleri &#8211; Recep Karaman \u0130nternet Sitesi Ayd\u0131nlatma Metni G\u00fcncelleme Tarihi: [08\/10\/2024] Bu \u0130nternet Sitesi \u00dcye ve Ziyaret\u00e7i Ayd\u0131nlatma Metni (Metin), Bah\u00e7elievler Mah. Polen Sk. No: 12\/C<\/p>\n","protected":false},"author":1,"featured_media":0,"parent":0,"menu_order":0,"comment_status":"closed","ping_status":"closed","template":"","meta":{"footnotes":""},"class_list":["post-4429","page","type-page","status-publish","hentry"],"_links":{"self":[{"href":"https:\/\/otomatik-kapi.com.tr\/index.php?rest_route=\/wp\/v2\/pages\/4429","targetHints":{"allow":["GET"]}}],"collection":[{"href":"https:\/\/otomatik-kapi.com.tr\/index.php?rest_route=\/wp\/v2\/pages"}],"about":[{"href":"https:\/\/otomatik-kapi.com.tr\/index.php?rest_route=\/wp\/v2\/types\/page"}],"author":[{"embeddable":true,"href":"https:\/\/otomatik-kapi.com.tr\/index.php?rest_route=\/wp\/v2\/users\/1"}],"replies":[{"embeddable":true,"href":"https:\/\/otomatik-kapi.com.tr\/index.php?rest_route=%2Fwp%2Fv2%2Fcomments&post=4429"}],"version-history":[{"count":2,"href":"https:\/\/otomatik-kapi.com.tr\/index.php?rest_route=\/wp\/v2\/pages\/4429\/revisions"}],"predecessor-version":[{"id":4441,"href":"https:\/\/otomatik-kapi.com.tr\/index.php?rest_route=\/wp\/v2\/pages\/4429\/revisions\/4441"}],"wp:attachment":[{"href":"https:\/\/otomatik-kapi.com.tr\/index.php?rest_route=%2Fwp%2Fv2%2Fmedia&parent=4429"}],"curies":[{"name":"wp","href":"https:\/\/api.w.org\/{rel}","templated":true}]}}