{"id":4424,"date":"2024-10-17T11:47:00","date_gmt":"2024-10-17T11:47:00","guid":{"rendered":"https:\/\/otomatik-kapi.com.tr\/?page_id=4424"},"modified":"2024-10-17T11:47:01","modified_gmt":"2024-10-17T11:47:01","slug":"cerez-politikasi","status":"publish","type":"page","link":"https:\/\/otomatik-kapi.com.tr\/?page_id=4424","title":{"rendered":"\u00c7erez Politikas\u0131"},"content":{"rendered":"\n<p><\/p>\n\n\n\n<p>Bah\u00e7elievler Mah. Polen Sk. No: 12\/C Pendik \/ \u0130STANBUL \/ T\u00fcrkiye adresinde faaliyet g\u00f6steren RK Door Otomatik Kap\u0131 Sistemleri &#8211; Recep Karaman (\u015eirket) i\u015fletilen ve y\u00f6netilen \u201c www.otomatik-kapi.com.tr \u201d \u2018a (Site) kay\u0131t olan \u00fcyelere; bunlar d\u0131\u015f\u0131nda ziyaret\u00e7ilere (ikisi birlikte Kullan\u0131c\u0131\/lar) Site arac\u0131l\u0131\u011f\u0131yla sunulan hizmetler kapsam\u0131nda herhangi bir \u015fekilde Kullan\u0131c\u0131lar\u0131n Siteyi ziyaretleri s\u0131ras\u0131nda \u015eirket taraf\u0131ndan \u00e7erezler (\u00c7erez\/\u00c7erezler) kullan\u0131lmaktad\u0131r. Bu \u00c7erez kullan\u0131m\u0131 ba\u015fta 6698 say\u0131l\u0131 Ki\u015fisel Verilerin Korunmas\u0131 Kanunu (KVKK) olmak \u00fczere \u015eirket\u2019in tabi oldu\u011fu mevzuata uygun \u015fekilde ger\u00e7ekle\u015ftirilmektedir. \u015eirket, Kullan\u0131c\u0131lara ait olan ki\u015fisel verileri Ayd\u0131nlatma Metni ve KVKK h\u00fck\u00fcmlerine ayk\u0131r\u0131 olarak ba\u015fkas\u0131na a\u00e7\u0131klayamaz ve i\u015fleme amac\u0131 d\u0131\u015f\u0131nda kullanamaz.<\/p>\n\n\n\n<p>\u00c7erez (Cookie) Nedir?<\/p>\n\n\n\n<p>\u00c7erezler, ziyaret etti\u011finiz internet siteleri taraf\u0131ndan taray\u0131c\u0131lar arac\u0131l\u0131\u011f\u0131yla bilgisayar\u0131n\u0131za (ya da ak\u0131ll\u0131 telefon veya tablet gibi di\u011fer cihazlar\u0131n\u0131za) kaydedilen ve genelde harf ve rakamlardan olu\u015fan \u00e7ok k\u00fc\u00e7\u00fck metin dosyalar\u0131d\u0131r. \u00c7erezler, ziyaret\u00e7ilere ili\u015fkin isim, cinsiyet veya adres gibi ki\u015fisel verileri i\u00e7ermezler.<\/p>\n\n\n\n<p>\u00c7erezler, ziyaret etti\u011finiz web sitesini y\u00f6neten sunucular taraf\u0131ndan olu\u015fturulurlar. B\u00f6ylelikle ziyaret\u00e7i ayn\u0131 siteyi ziyaret etti\u011finde sunucu bunu anlayabilir. \u00c7erezler, web sitesi sahiplerine ayn\u0131 ziyaret\u00e7inin siteyi yeniden ziyaret etti\u011fini g\u00f6steren kimlik kartlar\u0131na benzetilebilir.<\/p>\n\n\n\n<p>\u00c7erezler Nas\u0131l Kullan\u0131lmaktad\u0131r?<\/p>\n\n\n\n<p>\u015eirket \u00e7erezleri;<\/p>\n\n\n\n<p>\u00b7&nbsp;&nbsp;&nbsp;&nbsp;&nbsp;Yapt\u0131\u011f\u0131n\u0131z tercihleri hat\u0131rlamak ve web sitesi\/mobil uygulama\/mobil sitesi kullan\u0131m\u0131n\u0131z\u0131 ki\u015fiselle\u015ftirmek i\u00e7in kullan\u0131r. Bu kullan\u0131m:<\/p>\n\n\n\n<p>\u00b7&nbsp;&nbsp;&nbsp;&nbsp;&nbsp;Parolan\u0131z\u0131 kaydeden ve web sitesi\/mobil uygulama\/mobil sitesi oturumunuzun s\u00fcrekli a\u00e7\u0131k kalmas\u0131n\u0131 sa\u011flayan, b\u00f6ylece her ziyaretinizde birden fazla kez parola girme zahmetinden kurtaran \u00e7erezleri ve<\/p>\n\n\n\n<p>\u00b7&nbsp;&nbsp;&nbsp;&nbsp;&nbsp;Web sitesine\/mobil uygulamaya\/mobil sitesine daha sonraki ziyaretlerinizde sizi hat\u0131rlayan ve tan\u0131yan \u00e7erezleri i\u00e7erir.<\/p>\n\n\n\n<p>\u00b7&nbsp;&nbsp;&nbsp;&nbsp;&nbsp;\u015eirket taraf\u0131ndan i\u015fletilen platformlara nereden ve hangi cihazlardan ba\u011fland\u0131\u011f\u0131n\u0131z, web sitesi\/mobil uygulama\/mobil sitesi \u00fczerinde hangi i\u00e7eri\u011fi g\u00f6r\u00fcnt\u00fcledi\u011finiz ve ziyaretinizin s\u00fcresi gibi web sitesini\/mobil uygulamay\u0131\/mobil sitesini nas\u0131l kulland\u0131\u011f\u0131n\u0131z\u0131n tespiti de dahil olmak \u00fczere; web sitesini\/mobil uygulamay\u0131\/mobil siteyi nas\u0131l kulland\u0131\u011f\u0131n\u0131z\u0131 belirlemek i\u00e7in kullan\u0131r.<\/p>\n\n\n\n<p>\u00b7&nbsp;&nbsp;&nbsp;&nbsp;&nbsp;\u0130lgi alanlar\u0131n\u0131za ve size daha uygun i\u00e7erik ve reklamlar\u0131 sunmak i\u00e7in, di\u011fer bir ifade ile hedeflenmi\u015f reklam\/tan\u0131t\u0131m amac\u0131yla kullan\u0131r. \u015eirket, \u00e7erezler yoluyla elde edilen bilgileri sizlere ait di\u011fer ki\u015fisel verilerle e\u015fle\u015ftirerek; size daha uygun i\u00e7erikleri, ki\u015fiye \u00f6zel kampanya ve \u00fcr\u00fcnleri sunar ve daha \u00f6nceden istemedi\u011finizi belirtti\u011finiz i\u00e7erik veya f\u0131rsatlar\u0131 bir daha sunmaz.<\/p>\n\n\n\n<p>\u00b7&nbsp;&nbsp;&nbsp;&nbsp;&nbsp;Platformlar\u0131n \u00e7al\u0131\u015fmas\u0131 i\u00e7in gerekli temel fonksiyonlar\u0131 ger\u00e7ekle\u015ftirmek. \u00d6rne\u011fin, \u00dcyeler \u2019in, \u00fcyelik bilgileriyle giri\u015f yapabilmesi.<\/p>\n\n\n\n<p>\u00b7&nbsp;&nbsp;&nbsp;&nbsp;&nbsp;Platformlar\u0131 analiz etmek ve Platformlar\u0131n performans\u0131n\u0131 artt\u0131rmak. \u00d6rne\u011fin, Platformlar\u0131 ziyaret edenlerin say\u0131s\u0131n\u0131n tespit edilmesi ve buna g\u00f6re performans ayarlar\u0131n\u0131n yap\u0131lmas\u0131 ya da ziyaret\u00e7ilerin arad\u0131klar\u0131n\u0131 bulmalar\u0131n\u0131n kolayla\u015ft\u0131r\u0131lmas\u0131.<\/p>\n\n\n\n<p>\u00b7&nbsp;&nbsp;&nbsp;&nbsp;&nbsp;Platformlar\u0131n i\u015flevselli\u011fini artt\u0131rmak ve kullan\u0131m kolayl\u0131\u011f\u0131 sa\u011flamak. \u00d6rne\u011fin, ziyaret\u00e7inin daha sonraki ziyaretinde arama sorgular\u0131n\u0131n hat\u0131rlanmas\u0131 veya platformlar \u00fczerinden \u00fc\u00e7\u00fcnc\u00fc taraf sosyal medya faaliyetlerine ba\u011flant\u0131 sa\u011flamak.<\/p>\n\n\n\n<p>\u00b7&nbsp;&nbsp;&nbsp;&nbsp;&nbsp;Ki\u015fiselle\u015ftirme, hedefleme ve reklamc\u0131l\u0131k faaliyeti ger\u00e7ekle\u015ftirmek. \u00d6rne\u011fin, kullan\u0131c\u0131lar\u0131n g\u00f6r\u00fcnt\u00fcledikleri sayfa ve \u00fcr\u00fcnler \u00fczerinden ziyaret\u00e7ilerin ilgi alanlar\u0131yla ilgili reklam g\u00f6sterilmesi.<\/p>\n\n\n\n<p>\u00c7erez Y\u00f6netimi<\/p>\n\n\n\n<p>\u0130nternet taray\u0131c\u0131n\u0131z\u0131n \u00e7e\u015fidine g\u00f6re a\u015fa\u011f\u0131daki ad\u0131mlar\u0131 izleyerek, \u00e7erezler hakk\u0131nda bilgi edinip, izin verme veya reddetme hakk\u0131n\u0131z\u0131 kullanabilirsiniz:<\/p>\n\n\n\n<p>\u00b7&nbsp;&nbsp;&nbsp;&nbsp;&nbsp;Google Chrome: Taray\u0131c\u0131n\u0131z\u0131n \u201cadres b\u00f6l\u00fcm\u00fcnde\u201d yer alan, \u201ckilit i\u015fareti\u201d veya \u201ci\u201d harfini t\u0131klayarak, \u201cCookie\u201d sekmesinden \u00e7erezlere izin verebilir veya bloke edebilirsiniz.<\/p>\n\n\n\n<p>\u00b7&nbsp;&nbsp;&nbsp;&nbsp;&nbsp;\u0130nternet Explorer: Taray\u0131c\u0131n\u0131z\u0131n sa\u011f \u00fcst k\u00f6\u015fesinde yer alan \u201cTool\u201d veya \u201cAra\u00e7lar\u201d B\u00f6l\u00fcm\u00fcnden \u201cG\u00fcvenlik\u201d sekmesini t\u0131klay\u0131n ve \u201cizin ver\u201d veya \u201cizin verme\u201d \u015feklinde \u00e7erez y\u00f6netiminizi ger\u00e7ekle\u015ftirin.<\/p>\n\n\n\n<p>\u00b7&nbsp;&nbsp;&nbsp;&nbsp;&nbsp;Mozilla Firefox: Taray\u0131c\u0131n\u0131z\u0131n sa\u011f \u00fcst k\u00f6\u015fesinde yer alan \u201cmen\u00fcy\u00fc a\u00e7\u201d sekmesini t\u0131klay\u0131n\u0131z. \u201cSe\u00e7enekler\u201d g\u00f6rselini t\u0131klayarak \u201cGizlilik ve G\u00fcvenlik\u201d butonunu kullanarak \u00e7erez y\u00f6netiminizi yap\u0131n\u0131z.<\/p>\n\n\n\n<p>\u00b7&nbsp;&nbsp;&nbsp;&nbsp;&nbsp;Di\u011fer browserlar i\u00e7in (opera, Microsoft Edge gibi): \u0130lgili browser\u2019\u0131n yard\u0131m veya destek sayfalar\u0131n\u0131 inceleyebilirsiniz.<\/p>\n\n\n\n<p>\u00b7&nbsp;&nbsp;&nbsp;&nbsp;&nbsp;Safari: Telefonunuzun \u201cAyarlar\u201d b\u00f6l\u00fcm\u00fcnden \u201csafari\u201d sekmesini se\u00e7ip, \u201cGizlilik ve G\u00fcvenlik\u201d B\u00f6l\u00fcm\u00fcnden t\u00fcm \u00e7erez y\u00f6netiminizi sa\u011flayabilirsiniz.<\/p>\n\n\n\n<p>\u00b7&nbsp;&nbsp;&nbsp;&nbsp;&nbsp;Yukar\u0131daki se\u00e7eneklerin yan\u0131 s\u0131ra; t\u00fcm \u00e7erezler hakk\u0131nda bilgi sahibi olmak ve \u00e7erez y\u00f6netimi i\u00e7in: https:\/\/www.allaboutcookies.org, https:\/\/www.youronlinechoices.eu\/ adresini ziyaret edebilirsiniz.<\/p>\n\n\n\n<p>Kal\u0131c\u0131 \u00e7erezleri veya oturum \u00e7erezlerini reddederseniz, web sitesini, mobil uygulamay\u0131 ve mobil sitesini kullanmaya devam edebilirsiniz fakat web sitesinin, mobil uygulaman\u0131n ve mobil sitesinin t\u00fcm i\u015flevlerine eri\u015femeyebilirsiniz veya eri\u015fiminiz s\u0131n\u0131rl\u0131 olabilir. Mobil uygulamada s\u00f6z konusu durum de\u011fi\u015fkenlik g\u00f6sterebilmektedir.<\/p>\n\n\n\n<p>Kullan\u0131m Bak\u0131m\u0131ndan \u00c7erez T\u00fcrleri<\/p>\n\n\n\n<p>Kullan\u0131lmas\u0131 Zorunlu Olan \u00c7erezler: Bu \u00c7erezler, platformlar\u0131n d\u00fczg\u00fcn \u015fekilde \u00e7al\u0131\u015fmas\u0131 i\u00e7in mutlaka gerekli olan \u00e7erezlerdir. Bu \u00c7erezler\u2019e, sistemin y\u00f6netilebilmesi, sahte i\u015flemlerin \u00f6nlenmesi i\u00e7in ihtiya\u00e7 duyulur ve engellenmesi halinde platformlar d\u00fczg\u00fcn \u00e7al\u0131\u015famaz.<\/p>\n\n\n\n<p>Analiz\/Performans \u00c7erezleri: Bu \u00c7erezler, platformlar\u0131n i\u015fleyi\u015finin analiz edilip anla\u015f\u0131lmas\u0131n\u0131 ve Kullan\u0131c\u0131 ile etkile\u015fime ge\u00e7erek platformlar\u0131n geli\u015ftirilmesini sa\u011flar. Bu \u00c7erezler\u2019in kullan\u0131m\u0131 engellenebilir.<\/p>\n\n\n\n<p>\u0130\u015flevsel ve Analitik \u00c7erezler: Bu \u00c7erezler kullan\u0131c\u0131ya daha kolay ve geli\u015fmi\u015f bir kullan\u0131c\u0131 deneyimi ya\u015fatmak i\u00e7in kullan\u0131lan \u00e7erezlerdir. \u00d6nceki tercihleri hat\u0131rlamak, Platform \u00fczerinde yer alan baz\u0131 i\u00e7eriklere rahat\u00e7a eri\u015filmesini sa\u011flamak, platformlar\u0131n etkin \u015fekilde kullan\u0131lmas\u0131, Kullan\u0131c\u0131 isteklerine cevap verecek \u015fekilde optimize edilmesi ve ziyaret\u00e7ilerin platformlar\u0131 nas\u0131l kulland\u0131\u011f\u0131 hakk\u0131nda gibi i\u015flevler yerine getirir. Niteli\u011fi gere\u011fi bu t\u00fcrdeki \u00c7erezler kullan\u0131c\u0131 ad\u0131 vb. ki\u015fisel bilgileri i\u00e7erebilir. Bu \u00c7erezler\u2019in kullan\u0131m\u0131 engellenebilir. Platformlarda kullan\u0131lan \u0130\u015flevsel ve Analitik \u00c7erezler bunlarla s\u0131n\u0131rl\u0131 olmamak \u00fczere \u015fu \u015fekildedir: Google Analytics, Google Ad Manager, Adform Data Management Platform, Criteo, Teads, Neustar, Pubmatic ve Oracle Data Management (BlueKai).<\/p>\n\n\n\n<p>Hedefleme\/Reklam\/Ticari \u00c7erezler: Bu \u00c7erezler, reklam i\u00e7erikleri de d\u00e2hil olmak \u00fczere, ilgi \u00e7ekebilecek i\u00e7eriklerin saptanarak sunulmas\u0131 i\u00e7in kullan\u0131lmaktad\u0131r. Kullan\u0131c\u0131lar\u0131n ilgi alanlar\u0131 ve se\u00e7imleri do\u011frultusunda hedeflenen \u00fcr\u00fcn\/i\u00e7eri\u011fe benzer nitelikli olanlar\u0131n sunulmas\u0131 ve daha geli\u015fmi\u015f, ki\u015fiselle\u015ftirilmi\u015f bir reklam portf\u00f6y\u00fc sunarak kullan\u0131m deneyimini art\u0131rmaya yarar. Kullan\u0131c\u0131n\u0131n internet taray\u0131c\u0131s\u0131 ayarlar\u0131ndan gerekli ayarlamalar\u0131 yapmas\u0131 m\u00fcmk\u00fcnd\u00fcr. Her hal\u00fckarda bu ayarlar, internet taray\u0131c\u0131s\u0131 bazl\u0131 de\u011fi\u015febilmektedir. Bu \u00c7erezler \u2019in kullan\u0131m\u0131 engellenebilir. Ancak bu engelleme, reklam i\u00e7eriklerini b\u00fct\u00fcn\u00fcyle engellemeyecek; sadece kullan\u0131c\u0131n\u0131n ilgisini \u00e7ekebilecek reklamlar yerine genel i\u00e7erikli reklamlar sunulacakt\u0131r. Platformlarda kullan\u0131lan Hedefleme\/Reklam\/Ticari \u00c7erezler bunlarla s\u0131n\u0131rl\u0131 olmamak \u00fczere \u015fu \u015fekildedir: Google Analytics, Google Ad Manager, Criteo, Facebook, Twitter, Instagram, Teads, Neustar, Pubmatic, Oracle Data Management (BlueKai), Hotjar, OneSignal, Taboola ve Gemius.<\/p>\n\n\n\n<p>Flash \u00c7erezleri: Platformlarda yer alan g\u00f6r\u00fcnt\u00fc veya ses i\u00e7eriklerini etkinle\u015ftirmek i\u00e7in kullan\u0131lan \u00e7erez t\u00fcrleridir.<\/p>\n\n\n\n<p>\u00dc\u00e7\u00fcnc\u00fc Taraf \u00c7erezleri: Platform; \u00fc\u00e7\u00fcnc\u00fc parti g\u00fcvenilir, tan\u0131nm\u0131\u015f reklam sa\u011flay\u0131c\u0131lar\u0131yla \u00e7al\u0131\u015fmaktad\u0131r. \u00dc\u00e7\u00fcnc\u00fc parti hizmet sa\u011flay\u0131c\u0131lar kullan\u0131c\u0131ya \u00f6zel reklamlar\u0131 sunabilmek i\u00e7in kendi \u00c7erezleri\u2019ni yerle\u015ftirmektedirler. \u00dc\u00e7\u00fcnc\u00fc parti taraf\u0131ndan yerle\u015ftirilen \u00c7erezler platformlarda ziyaret\u00e7ilerin gezinme bilgilerini toplar, i\u015fler ve nas\u0131l kulland\u0131klar\u0131n\u0131 analiz eder.<\/p>\n\n\n\n<p>Sakland\u0131\u011f\u0131 S\u00fcre Bak\u0131m\u0131ndan \u00c7erez T\u00fcrleri<\/p>\n\n\n\n<p>Kal\u0131c\u0131 \u00c7erezler (Persistent Cookies): Ki\u015finin bilgisayar\u0131nda ve ak\u0131ll\u0131 mobil cihaz\u0131nda ki\u015fi taraf\u0131ndan silinene veya belirli bir tarihe varl\u0131\u011f\u0131n\u0131 s\u00fcrd\u00fcren \u00e7erezlerdir. Bu \u00c7erezler, \u00e7o\u011funlukla kullan\u0131c\u0131lar\u0131n tercihlerini ve site hareketlerini \u00f6l\u00e7mek amac\u0131yla kullan\u0131l\u0131r.<\/p>\n\n\n\n<p>Oturum \u00c7erezleri (Session Cookies): Bu \u00c7erezler kullan\u0131c\u0131n\u0131n ziyaretini oturumlara ay\u0131rmak i\u00e7in kullan\u0131l\u0131r ve kullan\u0131c\u0131dan veri toplamaz. Bu \u00c7erezler, kullan\u0131c\u0131 ziyaret etti\u011fi platformlarda belirli bir s\u00fcre pasif kald\u0131\u011f\u0131nda veya platformlar\u0131 kapatt\u0131\u011f\u0131nda silinir. Platformlarda \u00fc\u00e7\u00fcnc\u00fc ki\u015filerin hizmet sa\u011flamas\u0131 i\u00e7in ve bu hizmetlerin etkinli\u011fini art\u0131rmak i\u00e7in yukar\u0131da tan\u0131mland\u0131\u011f\u0131 \u00fczere Hedefleme\/Reklam\/Ticari \u00c7erezler kullan\u0131l\u0131r. Bu \u00c7erezler, ziyaret edilen web sayfalar\u0131n\u0131 ve siteleri hat\u0131rlayabilir ve ki\u015fisel verileri toplayabilir. Platform, bilgi toplamak, demografik verileri ve ilgi alanlar\u0131n\u0131 hat\u0131rlamak, reklam g\u00f6sterimleri ve ziyaret edilme say\u0131s\u0131n\u0131 belirlemek gibi durumlar i\u00e7in hem birinci taraf hem de \u00fc\u00e7\u00fcnc\u00fc taraf \u00e7erezlerini kullanmaktad\u0131r. Platform ziyaret edildi\u011fine ve bu eklentiler kullan\u0131ld\u0131\u011f\u0131nda, platform do\u011frudan se\u00e7ilen sosyal a\u011f\u0131n sunucusuna ba\u011flan\u0131r. Ard\u0131ndan, eklentinin sundu\u011fu i\u00e7erik do\u011frudan sosyal a\u011flardan web taray\u0131c\u0131s\u0131na iletilir ve ziyaret etmekte olunan web sitesine eklenir. B\u00f6ylelikle ilgili sosyal a\u011f kullan\u0131c\u0131ya ait verilere ula\u015farak i\u015fleyebilir ve ilgili sosyal a\u011fdaki hesaba ait verilerle birle\u015ftirebilir.<\/p>\n\n\n\n<p>\u015eirketin sosyal a\u011flar\u0131n eklentiler arac\u0131l\u0131\u011f\u0131yla i\u015fledi\u011fi veriler \u00fczerinde herhangi bir kontrol\u00fc yoktur. Sosyal a\u011flar\u0131n ki\u015fisel verilerinizi hangi ama\u00e7la, y\u00f6ntemlerle ve s\u00fcreyle i\u015fleyece\u011fine ili\u015fkin daha fazla bilgi almak i\u00e7in ilgili sosyal a\u011flar taraf\u0131ndan yay\u0131nlanan ki\u015fisel veri politikalar\u0131 dikkatlice incelenmelidir.<\/p>\n\n\n\n<p>Belirli \u00c7erezler\u2019in kullan\u0131m\u0131 platformun do\u011fru bi\u00e7imde \u00e7al\u0131\u015fmas\u0131 i\u00e7in zorunludur. \u00c7erez kullan\u0131m\u0131n\u0131n engellenmesi s\u00f6z konusu olur ise Platform her ziyaret edildi\u011finde verilen bilgilerin tekrar girilmesi gerekir ve bununla birlikte \u015eirketin internet \u00fczerinden sa\u011flad\u0131\u011f\u0131 baz\u0131 hizmetler gerekti\u011fi gibi \u00e7al\u0131\u015fmayabilir veya platformlardaki sayfalar\u0131n bir k\u0131sm\u0131n\u0131 g\u00f6r\u00fclemeyebilir.<\/p>\n\n\n\n<p>\u0130\u015fbu \u00c7erez Politikas\u0131, \u015eirket\u2019in kulland\u0131\u011f\u0131 veya kullanabilece\u011fi \u00e7erezler ile ilgili Kullan\u0131c\u0131lar\u0131 bilgilendirmek ve Kullan\u0131c\u0131lara \u00e7erezlerin y\u00f6netimi yetkisinin kendilerinde oldu\u011funu bildirmek ama\u00e7l\u0131, genel olarak \u00e7erezler ile ilgili bilgilendirmeler i\u00e7ermektedir. \u015eirket\u2019in, i\u015fbu \u00c7erez Politikas\u0131\u2019n\u0131 de\u011fi\u015ftirme hakk\u0131 sakl\u0131d\u0131r.<\/p>\n","protected":false},"excerpt":{"rendered":"<p>Bah\u00e7elievler Mah. Polen Sk. No: 12\/C Pendik \/ \u0130STANBUL \/ T\u00fcrkiye adresinde faaliyet g\u00f6steren RK Door Otomatik Kap\u0131 Sistemleri &#8211; Recep Karaman (\u015eirket) i\u015fletilen ve y\u00f6netilen \u201c www.otomatik-kapi.com.tr \u201d \u2018a<\/p>\n","protected":false},"author":1,"featured_media":0,"parent":0,"menu_order":0,"comment_status":"closed","ping_status":"closed","template":"","meta":{"footnotes":""},"class_list":["post-4424","page","type-page","status-publish","hentry"],"_links":{"self":[{"href":"https:\/\/otomatik-kapi.com.tr\/index.php?rest_route=\/wp\/v2\/pages\/4424","targetHints":{"allow":["GET"]}}],"collection":[{"href":"https:\/\/otomatik-kapi.com.tr\/index.php?rest_route=\/wp\/v2\/pages"}],"about":[{"href":"https:\/\/otomatik-kapi.com.tr\/index.php?rest_route=\/wp\/v2\/types\/page"}],"author":[{"embeddable":true,"href":"https:\/\/otomatik-kapi.com.tr\/index.php?rest_route=\/wp\/v2\/users\/1"}],"replies":[{"embeddable":true,"href":"https:\/\/otomatik-kapi.com.tr\/index.php?rest_route=%2Fwp%2Fv2%2Fcomments&post=4424"}],"version-history":[{"count":1,"href":"https:\/\/otomatik-kapi.com.tr\/index.php?rest_route=\/wp\/v2\/pages\/4424\/revisions"}],"predecessor-version":[{"id":4425,"href":"https:\/\/otomatik-kapi.com.tr\/index.php?rest_route=\/wp\/v2\/pages\/4424\/revisions\/4425"}],"wp:attachment":[{"href":"https:\/\/otomatik-kapi.com.tr\/index.php?rest_route=%2Fwp%2Fv2%2Fmedia&parent=4424"}],"curies":[{"name":"wp","href":"https:\/\/api.w.org\/{rel}","templated":true}]}}